{"id":14613,"date":"2024-03-11T11:21:51","date_gmt":"2024-03-11T10:21:51","guid":{"rendered":"https:\/\/hotelneptuno.com\/politique-de-cookies\/"},"modified":"2025-12-17T18:26:58","modified_gmt":"2025-12-17T17:26:58","slug":"politique-de-cookies","status":"publish","type":"page","link":"https:\/\/www.hotelneptuno.com\/fr\/politique-de-cookies\/","title":{"rendered":"Politique en mati\u00e8re de cookies"},"content":{"rendered":"\t\t<div data-elementor-type=\"wp-page\" data-elementor-id=\"14613\" class=\"elementor elementor-14613 elementor-14618\" data-elementor-post-type=\"page\">\n\t\t\t\t<div class=\"elementor-element elementor-element-fb40343 e-flex e-con-boxed wpr-particle-no wpr-jarallax-no wpr-parallax-no wpr-sticky-section-no wpr-equal-height-no e-con e-parent\" data-id=\"fb40343\" data-element_type=\"container\" data-e-type=\"container\" data-settings=\"{&quot;background_background&quot;:&quot;classic&quot;}\">\n\t\t\t\t\t<div class=\"e-con-inner\">\n\t\t\t\t<div class=\"elementor-element elementor-element-5e5c646 elementor-widget elementor-widget-heading\" data-id=\"5e5c646\" data-element_type=\"widget\" data-e-type=\"widget\" data-widget_type=\"heading.default\">\n\t\t\t\t<div class=\"elementor-widget-container\">\n\t\t\t\t\t<h1 class=\"elementor-heading-title elementor-size-default\">Politique en mati\u00e8re de cookies<\/h1>\t\t\t\t<\/div>\n\t\t\t\t<\/div>\n\t\t\t\t\t<\/div>\n\t\t\t\t<\/div>\n\t\t<div class=\"elementor-element elementor-element-ac09d13 e-flex e-con-boxed wpr-particle-no wpr-jarallax-no wpr-parallax-no wpr-sticky-section-no wpr-equal-height-no e-con e-parent\" data-id=\"ac09d13\" data-element_type=\"container\" data-e-type=\"container\">\n\t\t\t\t\t<div class=\"e-con-inner\">\n\t\t\t\t<div class=\"elementor-element elementor-element-a23feb3 elementor-widget elementor-widget-text-editor\" data-id=\"a23feb3\" data-element_type=\"widget\" data-e-type=\"widget\" data-widget_type=\"text-editor.default\">\n\t\t\t\t<div class=\"elementor-widget-container\">\n\t\t\t\t\t\t\t\t\t<p><strong>1) Pourquoi utilisons-nous des cookies ?<\/strong><\/p><p>Les cookies sont de petits fichiers de donn\u00e9es qui sont stock\u00e9s sur votre appareil lorsque vous visitez un site web. Ces fichiers nous permettent de m\u00e9moriser votre activit\u00e9 et vos pr\u00e9f\u00e9rences (telles que le choix de la langue ou les donn\u00e9es de connexion) afin d&rsquo;am\u00e9liorer votre exp\u00e9rience de navigation. Les cookies peuvent contenir des informations qui, sans n\u00e9cessairement vous identifier directement, peuvent \u00eatre consid\u00e9r\u00e9es comme des donn\u00e9es personnelles.  <\/p><p><strong>2) Pourquoi utilisons-nous des cookies ?<\/strong><\/p><p>Chez MALBA NEPTUNO, SL, nous utilisons des cookies pour :<\/p><ul><li>Cookies techniques et fonctionnels : ils permettent le fonctionnement de base du site web et sont n\u00e9cessaires \u00e0 sa bonne utilisation.<\/li><li>Cookies de personnalisation : ils permettent d&rsquo;adapter l&rsquo;exp\u00e9rience de l&rsquo;utilisateur en m\u00e9morisant des pr\u00e9f\u00e9rences telles que la langue et les param\u00e8tres r\u00e9gionaux.<\/li><li>Cookies de personnalisation : ils permettent d&rsquo;adapter l&rsquo;exp\u00e9rience de l&rsquo;utilisateur en m\u00e9morisant des pr\u00e9f\u00e9rences telles que la langue et les param\u00e8tres r\u00e9gionaux.<\/li><li>Cookies publicitaires : ils g\u00e8rent les espaces publicitaires et personnalisent la publicit\u00e9 en fonction des habitudes de navigation de l&rsquo;utilisateur.<\/li><\/ul><p>Cookies de tiers : Notre site web peut inclure des cookies de tiers, tels que des r\u00e9seaux sociaux (Facebook, Twitter) ou des services d&rsquo;analyse (Google Analytics). Pour plus d&rsquo;informations sur ces cookies, nous vous recommandons de consulter leurs politiques de confidentialit\u00e9. <\/p><p><strong>3. Consentement \u00e0 l&rsquo;utilisation de cookies<\/strong><\/p><p>Pour utiliser des cookies qui ne sont pas strictement n\u00e9cessaires, nous avons besoin de votre consentement explicite. Vous pouvez g\u00e9rer vos pr\u00e9f\u00e9rences en mati\u00e8re de cookies par le biais de la banni\u00e8re des cookies lorsque vous acc\u00e9dez \u00e0 notre site web, o\u00f9 vous pouvez accepter, rejeter ou configurer les cookies que vous souhaitez autoriser. <\/p><p><strong>4. Param\u00e9trage et suppression des cookies<\/strong><\/p><p>Vous pouvez modifier vos param\u00e8tres de cookies ou les supprimer \u00e0 tout moment dans les param\u00e8tres de votre navigateur. Vous trouverez ci-dessous des liens vers des instructions sur la mani\u00e8re de g\u00e9rer les cookies dans les navigateurs les plus courants : <\/p><ul><li><a href=\"https:\/\/support.microsoft.com\/es-es\/windows\/administrar-cookies-en-microsoft-edge-ver-permitir-bloquear-eliminar-y-usar-168dab11-0753-043d-7c16-ede5947fc64d\">Bord<\/a><\/li><li><a href=\"https:\/\/support.mozilla.org\/es\/kb\/cookies-informacion-que-los-sitios-web-guardan-en-#w_configurar-las-cookies\">Firefox<\/a><\/li><li><a href=\"https:\/\/support.google.com\/chrome\/answer\/95647?hl=es&amp;co=GENIE.Platform%3DDesktop\">Google Chrome<\/a><\/li><li><a href=\"https:\/\/support.apple.com\/ca-es\/guide\/safari\/sfri11471\/mac\">Safari<\/a><\/li><\/ul><p>Veuillez noter qu&rsquo;en refusant les cookies, certaines fonctionnalit\u00e9s du site web peuvent ne pas \u00eatre disponibles ou ne pas fonctionner correctement.<\/p><p><strong>5. Informations compl\u00e9mentaires<\/strong><\/p><p>Pour plus de d\u00e9tails sur les cookies et la mani\u00e8re de les g\u00e9rer, vous pouvez consulter les sites www.allaboutcookies.org ou www.youronlinechoices.eu.<\/p><p><em>Mise \u00e0 jour du 21\/09\/2024<\/em><\/p>\t\t\t\t\t\t\t\t<\/div>\n\t\t\t\t<\/div>\n\t\t\t\t\t<\/div>\n\t\t\t\t<\/div>\n\t\t\t\t<\/div>\n\t\t","protected":false},"excerpt":{"rendered":"<p>Politique en mati\u00e8re de cookies 1) Pourquoi utilisons-nous des cookies ? Les cookies sont de petits fichiers de donn\u00e9es qui sont stock\u00e9s sur votre appareil lorsque vous visitez un site web. Ces fichiers nous permettent de m\u00e9moriser votre activit\u00e9 et vos pr\u00e9f\u00e9rences (telles que le choix de la langue ou les donn\u00e9es de connexion) afin d&rsquo;am\u00e9liorer votre exp\u00e9rience de navigation. Les cookies peuvent contenir des informations qui, sans n\u00e9cessairement vous identifier directement, peuvent \u00eatre consid\u00e9r\u00e9es comme des donn\u00e9es personnelles. 2) Pourquoi utilisons-nous des cookies ? Chez MALBA NEPTUNO, SL, nous utilisons des cookies pour : Cookies techniques et fonctionnels : ils permettent le fonctionnement de base du site web et sont n\u00e9cessaires \u00e0 sa bonne utilisation. Cookies de personnalisation : ils permettent d&rsquo;adapter l&rsquo;exp\u00e9rience de l&rsquo;utilisateur en m\u00e9morisant des pr\u00e9f\u00e9rences telles que la langue et les param\u00e8tres r\u00e9gionaux. Cookies de personnalisation : ils permettent d&rsquo;adapter l&rsquo;exp\u00e9rience de l&rsquo;utilisateur en m\u00e9morisant des pr\u00e9f\u00e9rences telles que la langue et les param\u00e8tres r\u00e9gionaux. Cookies publicitaires : ils g\u00e8rent les espaces publicitaires et personnalisent la publicit\u00e9 en fonction des habitudes de navigation de l&rsquo;utilisateur. Cookies de tiers : Notre site web peut inclure des cookies de tiers, tels que des r\u00e9seaux sociaux (Facebook, Twitter) ou des services d&rsquo;analyse (Google Analytics). Pour plus d&rsquo;informations sur ces cookies, nous vous recommandons de consulter leurs politiques de confidentialit\u00e9. 3. Consentement \u00e0 l&rsquo;utilisation de cookies Pour utiliser des cookies qui ne sont pas strictement n\u00e9cessaires, nous avons besoin de votre consentement explicite. Vous pouvez g\u00e9rer vos pr\u00e9f\u00e9rences en mati\u00e8re de cookies par le biais de la banni\u00e8re des cookies lorsque vous acc\u00e9dez \u00e0 notre site web, o\u00f9 vous pouvez accepter, rejeter ou configurer les cookies que vous souhaitez autoriser. 4. Param\u00e9trage et suppression des cookies Vous pouvez modifier vos param\u00e8tres de cookies ou les supprimer \u00e0 tout moment dans les param\u00e8tres de votre navigateur. Vous trouverez ci-dessous des liens vers des instructions sur la mani\u00e8re de g\u00e9rer les cookies dans les navigateurs les plus courants : Bord Firefox Google Chrome Safari Veuillez noter qu&rsquo;en refusant les cookies, certaines fonctionnalit\u00e9s du site web peuvent ne pas \u00eatre disponibles ou ne pas fonctionner correctement. 5. Informations compl\u00e9mentaires Pour plus de d\u00e9tails sur les cookies et la mani\u00e8re de les g\u00e9rer, vous pouvez consulter les sites www.allaboutcookies.org ou www.youronlinechoices.eu. Mise \u00e0 jour du 21\/09\/2024<\/p>\n","protected":false},"author":1,"featured_media":0,"parent":0,"menu_order":0,"comment_status":"closed","ping_status":"closed","template":"","meta":{"_acf_changed":false,"site-sidebar-layout":"no-sidebar","site-content-layout":"","ast-site-content-layout":"full-width-container","site-content-style":"default","site-sidebar-style":"default","ast-global-header-display":"","ast-banner-title-visibility":"","ast-main-header-display":"","ast-hfb-above-header-display":"","ast-hfb-below-header-display":"","ast-hfb-mobile-header-display":"","site-post-title":"disabled","ast-breadcrumbs-content":"","ast-featured-img":"disabled","footer-sml-layout":"","ast-disable-related-posts":"","theme-transparent-header-meta":"","adv-header-id-meta":"","stick-header-meta":"","header-above-stick-meta":"","header-main-stick-meta":"","header-below-stick-meta":"","astra-migrate-meta-layouts":"default","ast-page-background-enabled":"default","ast-page-background-meta":{"desktop":{"background-color":"var(--ast-global-color-4)","background-image":"","background-repeat":"repeat","background-position":"center center","background-size":"auto","background-attachment":"scroll","background-type":"","background-media":"","overlay-type":"","overlay-color":"","overlay-opacity":"","overlay-gradient":""},"tablet":{"background-color":"","background-image":"","background-repeat":"repeat","background-position":"center center","background-size":"auto","background-attachment":"scroll","background-type":"","background-media":"","overlay-type":"","overlay-color":"","overlay-opacity":"","overlay-gradient":""},"mobile":{"background-color":"","background-image":"","background-repeat":"repeat","background-position":"center center","background-size":"auto","background-attachment":"scroll","background-type":"","background-media":"","overlay-type":"","overlay-color":"","overlay-opacity":"","overlay-gradient":""}},"ast-content-background-meta":{"desktop":{"background-color":"var(--ast-global-color-5)","background-image":"","background-repeat":"repeat","background-position":"center center","background-size":"auto","background-attachment":"scroll","background-type":"","background-media":"","overlay-type":"","overlay-color":"","overlay-opacity":"","overlay-gradient":""},"tablet":{"background-color":"var(--ast-global-color-5)","background-image":"","background-repeat":"repeat","background-position":"center center","background-size":"auto","background-attachment":"scroll","background-type":"","background-media":"","overlay-type":"","overlay-color":"","overlay-opacity":"","overlay-gradient":""},"mobile":{"background-color":"var(--ast-global-color-5)","background-image":"","background-repeat":"repeat","background-position":"center center","background-size":"auto","background-attachment":"scroll","background-type":"","background-media":"","overlay-type":"","overlay-color":"","overlay-opacity":"","overlay-gradient":""}},"footnotes":""},"class_list":["post-14613","page","type-page","status-publish","hentry"],"acf":[],"yoast_head":"<!-- This site is optimized with the Yoast SEO plugin v27.5 - https:\/\/yoast.com\/product\/yoast-seo-wordpress\/ -->\n<title>V\u00e9rifiez la politique en mati\u00e8re de cookies de Neptuno Hotel &amp; Spa%.<\/title>\n<meta name=\"description\" content=\"Consultez la politique de cookies de Neptuno Hotel &amp; Spa \u00e0 Calella pour vous assurer de la conformit\u00e9 l\u00e9gale et prot\u00e9ger votre vie priv\u00e9e lors de votre navigation.\" \/>\n<meta name=\"robots\" content=\"index, follow, max-snippet:-1, max-image-preview:large, max-video-preview:-1\" \/>\n<link rel=\"canonical\" href=\"https:\/\/www.hotelneptuno.com\/fr\/politique-de-cookies\/\" \/>\n<meta property=\"og:locale\" content=\"fr_FR\" \/>\n<meta property=\"og:type\" content=\"article\" \/>\n<meta property=\"og:title\" content=\"V\u00e9rifiez la politique en mati\u00e8re de cookies de Neptuno Hotel &amp; Spa%.\" \/>\n<meta property=\"og:description\" content=\"Consultez la politique de cookies de Neptuno Hotel &amp; Spa \u00e0 Calella pour vous assurer de la conformit\u00e9 l\u00e9gale et prot\u00e9ger votre vie priv\u00e9e lors de votre navigation.\" \/>\n<meta property=\"og:url\" content=\"https:\/\/www.hotelneptuno.com\/fr\/politique-de-cookies\/\" \/>\n<meta property=\"og:site_name\" content=\"Neptuno Hotel &amp; Spa\" \/>\n<meta property=\"article:publisher\" content=\"https:\/\/www.facebook.com\/neptunohotelspacalella\/\" \/>\n<meta property=\"article:modified_time\" content=\"2025-12-17T17:26:58+00:00\" \/>\n<meta property=\"og:image\" content=\"https:\/\/www.hotelneptuno.com\/wp-content\/uploads\/2024\/06\/Lobby-hotel-121-1.jpg\" \/>\n\t<meta property=\"og:image:width\" content=\"1600\" \/>\n\t<meta property=\"og:image:height\" content=\"1067\" \/>\n\t<meta property=\"og:image:type\" content=\"image\/jpeg\" \/>\n<meta name=\"twitter:card\" content=\"summary_large_image\" \/>\n<meta name=\"twitter:label1\" content=\"Dur\u00e9e de lecture estim\u00e9e\" \/>\n\t<meta name=\"twitter:data1\" content=\"2 minutes\" \/>\n<script type=\"application\/ld+json\" class=\"yoast-schema-graph\">{\"@context\":\"https:\\\/\\\/schema.org\",\"@graph\":[{\"@type\":\"WebPage\",\"@id\":\"https:\\\/\\\/www.hotelneptuno.com\\\/fr\\\/politique-de-cookies\\\/\",\"url\":\"https:\\\/\\\/www.hotelneptuno.com\\\/fr\\\/politique-de-cookies\\\/\",\"name\":\"V\u00e9rifiez la politique en mati\u00e8re de cookies de Neptuno Hotel &amp; Spa%.\",\"isPartOf\":{\"@id\":\"https:\\\/\\\/www.hotelneptuno.com\\\/fr\\\/#website\"},\"datePublished\":\"2024-03-11T10:21:51+00:00\",\"dateModified\":\"2025-12-17T17:26:58+00:00\",\"description\":\"Consultez la politique de cookies de Neptuno Hotel & Spa \u00e0 Calella pour vous assurer de la conformit\u00e9 l\u00e9gale et prot\u00e9ger votre vie priv\u00e9e lors de votre navigation.\",\"breadcrumb\":{\"@id\":\"https:\\\/\\\/www.hotelneptuno.com\\\/fr\\\/politique-de-cookies\\\/#breadcrumb\"},\"inLanguage\":\"fr-FR\",\"potentialAction\":[{\"@type\":\"ReadAction\",\"target\":[\"https:\\\/\\\/www.hotelneptuno.com\\\/fr\\\/politique-de-cookies\\\/\"]}]},{\"@type\":\"BreadcrumbList\",\"@id\":\"https:\\\/\\\/www.hotelneptuno.com\\\/fr\\\/politique-de-cookies\\\/#breadcrumb\",\"itemListElement\":[{\"@type\":\"ListItem\",\"position\":1,\"name\":\"Portada\",\"item\":\"https:\\\/\\\/www.hotelneptuno.com\\\/fr\\\/\"},{\"@type\":\"ListItem\",\"position\":2,\"name\":\"Politique en mati\u00e8re de cookies\"}]},{\"@type\":\"WebSite\",\"@id\":\"https:\\\/\\\/www.hotelneptuno.com\\\/fr\\\/#website\",\"url\":\"https:\\\/\\\/www.hotelneptuno.com\\\/fr\\\/\",\"name\":\"Hotel Neptuno & Spa\",\"description\":\"Hotel Neptuno &amp; Spa en Calella, Barcelona\",\"publisher\":{\"@id\":\"https:\\\/\\\/www.hotelneptuno.com\\\/fr\\\/#organization\"},\"alternateName\":\"Hotel Neptuno 4*\",\"potentialAction\":[{\"@type\":\"SearchAction\",\"target\":{\"@type\":\"EntryPoint\",\"urlTemplate\":\"https:\\\/\\\/www.hotelneptuno.com\\\/fr\\\/?s={search_term_string}\"},\"query-input\":{\"@type\":\"PropertyValueSpecification\",\"valueRequired\":true,\"valueName\":\"search_term_string\"}}],\"inLanguage\":\"fr-FR\"},{\"@type\":\"Organization\",\"@id\":\"https:\\\/\\\/www.hotelneptuno.com\\\/fr\\\/#organization\",\"name\":\"Neptuno Hotel & Spa\",\"alternateName\":\"Neptuno Hotel & Spa\",\"url\":\"https:\\\/\\\/www.hotelneptuno.com\\\/fr\\\/\",\"logo\":{\"@type\":\"ImageObject\",\"inLanguage\":\"fr-FR\",\"@id\":\"https:\\\/\\\/www.hotelneptuno.com\\\/fr\\\/#\\\/schema\\\/logo\\\/image\\\/\",\"url\":\"https:\\\/\\\/www.hotelneptuno.com\\\/wp-content\\\/uploads\\\/2024\\\/03\\\/logo.svg\",\"contentUrl\":\"https:\\\/\\\/www.hotelneptuno.com\\\/wp-content\\\/uploads\\\/2024\\\/03\\\/logo.svg\",\"width\":310,\"height\":128,\"caption\":\"Neptuno Hotel & Spa\"},\"image\":{\"@id\":\"https:\\\/\\\/www.hotelneptuno.com\\\/fr\\\/#\\\/schema\\\/logo\\\/image\\\/\"},\"sameAs\":[\"https:\\\/\\\/www.facebook.com\\\/neptunohotelspacalella\\\/\",\"https:\\\/\\\/www.instagram.com\\\/neptunohotelspacalella\\\/\"]}]}<\/script>\n<!-- \/ Yoast SEO plugin. -->","yoast_head_json":{"title":"V\u00e9rifiez la politique en mati\u00e8re de cookies de Neptuno Hotel &amp; Spa%.","description":"Consultez la politique de cookies de Neptuno Hotel & Spa \u00e0 Calella pour vous assurer de la conformit\u00e9 l\u00e9gale et prot\u00e9ger votre vie priv\u00e9e lors de votre navigation.","robots":{"index":"index","follow":"follow","max-snippet":"max-snippet:-1","max-image-preview":"max-image-preview:large","max-video-preview":"max-video-preview:-1"},"canonical":"https:\/\/www.hotelneptuno.com\/fr\/politique-de-cookies\/","og_locale":"fr_FR","og_type":"article","og_title":"V\u00e9rifiez la politique en mati\u00e8re de cookies de Neptuno Hotel &amp; Spa%.","og_description":"Consultez la politique de cookies de Neptuno Hotel & Spa \u00e0 Calella pour vous assurer de la conformit\u00e9 l\u00e9gale et prot\u00e9ger votre vie priv\u00e9e lors de votre navigation.","og_url":"https:\/\/www.hotelneptuno.com\/fr\/politique-de-cookies\/","og_site_name":"Neptuno Hotel &amp; Spa","article_publisher":"https:\/\/www.facebook.com\/neptunohotelspacalella\/","article_modified_time":"2025-12-17T17:26:58+00:00","og_image":[{"width":1600,"height":1067,"url":"https:\/\/www.hotelneptuno.com\/wp-content\/uploads\/2024\/06\/Lobby-hotel-121-1.jpg","type":"image\/jpeg"}],"twitter_card":"summary_large_image","twitter_misc":{"Dur\u00e9e de lecture estim\u00e9e":"2 minutes"},"schema":{"@context":"https:\/\/schema.org","@graph":[{"@type":"WebPage","@id":"https:\/\/www.hotelneptuno.com\/fr\/politique-de-cookies\/","url":"https:\/\/www.hotelneptuno.com\/fr\/politique-de-cookies\/","name":"V\u00e9rifiez la politique en mati\u00e8re de cookies de Neptuno Hotel &amp; Spa%.","isPartOf":{"@id":"https:\/\/www.hotelneptuno.com\/fr\/#website"},"datePublished":"2024-03-11T10:21:51+00:00","dateModified":"2025-12-17T17:26:58+00:00","description":"Consultez la politique de cookies de Neptuno Hotel & Spa \u00e0 Calella pour vous assurer de la conformit\u00e9 l\u00e9gale et prot\u00e9ger votre vie priv\u00e9e lors de votre navigation.","breadcrumb":{"@id":"https:\/\/www.hotelneptuno.com\/fr\/politique-de-cookies\/#breadcrumb"},"inLanguage":"fr-FR","potentialAction":[{"@type":"ReadAction","target":["https:\/\/www.hotelneptuno.com\/fr\/politique-de-cookies\/"]}]},{"@type":"BreadcrumbList","@id":"https:\/\/www.hotelneptuno.com\/fr\/politique-de-cookies\/#breadcrumb","itemListElement":[{"@type":"ListItem","position":1,"name":"Portada","item":"https:\/\/www.hotelneptuno.com\/fr\/"},{"@type":"ListItem","position":2,"name":"Politique en mati\u00e8re de cookies"}]},{"@type":"WebSite","@id":"https:\/\/www.hotelneptuno.com\/fr\/#website","url":"https:\/\/www.hotelneptuno.com\/fr\/","name":"Hotel Neptuno & Spa","description":"Hotel Neptuno &amp; Spa en Calella, Barcelona","publisher":{"@id":"https:\/\/www.hotelneptuno.com\/fr\/#organization"},"alternateName":"Hotel Neptuno 4*","potentialAction":[{"@type":"SearchAction","target":{"@type":"EntryPoint","urlTemplate":"https:\/\/www.hotelneptuno.com\/fr\/?s={search_term_string}"},"query-input":{"@type":"PropertyValueSpecification","valueRequired":true,"valueName":"search_term_string"}}],"inLanguage":"fr-FR"},{"@type":"Organization","@id":"https:\/\/www.hotelneptuno.com\/fr\/#organization","name":"Neptuno Hotel & Spa","alternateName":"Neptuno Hotel & Spa","url":"https:\/\/www.hotelneptuno.com\/fr\/","logo":{"@type":"ImageObject","inLanguage":"fr-FR","@id":"https:\/\/www.hotelneptuno.com\/fr\/#\/schema\/logo\/image\/","url":"https:\/\/www.hotelneptuno.com\/wp-content\/uploads\/2024\/03\/logo.svg","contentUrl":"https:\/\/www.hotelneptuno.com\/wp-content\/uploads\/2024\/03\/logo.svg","width":310,"height":128,"caption":"Neptuno Hotel & Spa"},"image":{"@id":"https:\/\/www.hotelneptuno.com\/fr\/#\/schema\/logo\/image\/"},"sameAs":["https:\/\/www.facebook.com\/neptunohotelspacalella\/","https:\/\/www.instagram.com\/neptunohotelspacalella\/"]}]}},"_links":{"self":[{"href":"https:\/\/www.hotelneptuno.com\/fr\/wp-json\/wp\/v2\/pages\/14613","targetHints":{"allow":["GET"]}}],"collection":[{"href":"https:\/\/www.hotelneptuno.com\/fr\/wp-json\/wp\/v2\/pages"}],"about":[{"href":"https:\/\/www.hotelneptuno.com\/fr\/wp-json\/wp\/v2\/types\/page"}],"author":[{"embeddable":true,"href":"https:\/\/www.hotelneptuno.com\/fr\/wp-json\/wp\/v2\/users\/1"}],"replies":[{"embeddable":true,"href":"https:\/\/www.hotelneptuno.com\/fr\/wp-json\/wp\/v2\/comments?post=14613"}],"version-history":[{"count":0,"href":"https:\/\/www.hotelneptuno.com\/fr\/wp-json\/wp\/v2\/pages\/14613\/revisions"}],"wp:attachment":[{"href":"https:\/\/www.hotelneptuno.com\/fr\/wp-json\/wp\/v2\/media?parent=14613"}],"curies":[{"name":"wp","href":"https:\/\/api.w.org\/{rel}","templated":true}]}}