{"id":14625,"date":"2024-03-11T11:21:51","date_gmt":"2024-03-11T10:21:51","guid":{"rendered":"https:\/\/hotelneptuno.com\/cookie-richtlinie\/"},"modified":"2025-12-17T18:25:00","modified_gmt":"2025-12-17T17:25:00","slug":"cookie-politik","status":"publish","type":"page","link":"https:\/\/www.hotelneptuno.com\/de\/cookie-politik\/","title":{"rendered":"Cookie-Richtlinie"},"content":{"rendered":"\t\t<div data-elementor-type=\"wp-page\" data-elementor-id=\"14625\" class=\"elementor elementor-14625 elementor-14618\" data-elementor-post-type=\"page\">\n\t\t\t\t<div class=\"elementor-element elementor-element-fb40343 e-flex e-con-boxed wpr-particle-no wpr-jarallax-no wpr-parallax-no wpr-sticky-section-no wpr-equal-height-no e-con e-parent\" data-id=\"fb40343\" data-element_type=\"container\" data-e-type=\"container\" data-settings=\"{&quot;background_background&quot;:&quot;classic&quot;}\">\n\t\t\t\t\t<div class=\"e-con-inner\">\n\t\t\t\t<div class=\"elementor-element elementor-element-5e5c646 elementor-widget elementor-widget-heading\" data-id=\"5e5c646\" data-element_type=\"widget\" data-e-type=\"widget\" data-widget_type=\"heading.default\">\n\t\t\t\t<div class=\"elementor-widget-container\">\n\t\t\t\t\t<h1 class=\"elementor-heading-title elementor-size-default\">Cookies Politik<\/h1>\t\t\t\t<\/div>\n\t\t\t\t<\/div>\n\t\t\t\t\t<\/div>\n\t\t\t\t<\/div>\n\t\t<div class=\"elementor-element elementor-element-ac09d13 e-flex e-con-boxed wpr-particle-no wpr-jarallax-no wpr-parallax-no wpr-sticky-section-no wpr-equal-height-no e-con e-parent\" data-id=\"ac09d13\" data-element_type=\"container\" data-e-type=\"container\">\n\t\t\t\t\t<div class=\"e-con-inner\">\n\t\t\t\t<div class=\"elementor-element elementor-element-a23feb3 elementor-widget elementor-widget-text-editor\" data-id=\"a23feb3\" data-element_type=\"widget\" data-e-type=\"widget\" data-widget_type=\"text-editor.default\">\n\t\t\t\t<div class=\"elementor-widget-container\">\n\t\t\t\t\t\t\t\t\t<p><strong>1. warum verwenden wir Cookies?<\/strong><\/p><p>Cookies sind kleine Datendateien, die auf Ihrem Ger\u00e4t gespeichert werden, wenn Sie eine Website besuchen. Diese Dateien erm\u00f6glichen es uns, Ihre Aktivit\u00e4ten und Pr\u00e4ferenzen (z.B. Sprachauswahl oder Anmeldedaten) zu speichern, um Ihr Surferlebnis zu verbessern. Cookies k\u00f6nnen Informationen enthalten, die Sie zwar nicht unbedingt direkt identifizieren, aber als pers\u00f6nliche Daten betrachtet werden k\u00f6nnen.  <\/p><p><strong>2. warum verwenden wir Cookies?<\/strong><\/p><p>Bei MALBA NEPTUNO, SL verwenden wir Cookies, um:<\/p><ul><li>Technische und funktionale Cookies: Diese erm\u00f6glichen den grundlegenden Betrieb der Website und sind f\u00fcr ihre ordnungsgem\u00e4\u00dfe Nutzung erforderlich.<\/li><li>Personalisierungs-Cookies: Passen Sie das Benutzererlebnis an, indem Sie sich Pr\u00e4ferenzen wie Sprache und regionale Einstellungen merken.<\/li><li>Personalisierungs-Cookies: Passen Sie das Benutzererlebnis an, indem Sie sich Pr\u00e4ferenzen wie Sprache und regionale Einstellungen merken.<\/li><li>Werbe-Cookies: Diese verwalten Werbefl\u00e4chen und personalisieren Werbung entsprechend den Surfgewohnheiten des Nutzers.<\/li><\/ul><p>Cookies von Drittanbietern: Unsere Website kann Cookies von Drittanbietern enthalten, z. B. von sozialen Netzwerken (Facebook, Twitter) oder Analysediensten (Google Analytics). F\u00fcr weitere Informationen \u00fcber diese Cookies empfehlen wir Ihnen, die Datenschutzrichtlinien dieser Unternehmen zu lesen. <\/p><p><strong>3. Zustimmung zur Verwendung von Cookies<\/strong><\/p><p>Um Cookies zu verwenden, die nicht unbedingt notwendig sind, ben\u00f6tigen wir Ihre ausdr\u00fcckliche Zustimmung. Sie k\u00f6nnen Ihre Cookie-Einstellungen \u00fcber das Cookie-Banner verwalten, wenn Sie auf unsere Website zugreifen. Dort k\u00f6nnen Sie die Cookies, die Sie zulassen m\u00f6chten, akzeptieren, ablehnen oder konfigurieren. <\/p><p><strong>4. Setzen und L\u00f6schen von Cookies<\/strong><\/p><p>Sie k\u00f6nnen Ihre Cookie-Einstellungen jederzeit \u00fcber Ihre Browser-Einstellungen \u00e4ndern oder Cookies l\u00f6schen. Hier finden Sie Links zu Anleitungen, wie Sie Cookies in den g\u00e4ngigsten Browsern verwalten k\u00f6nnen: <\/p><ul><li><a href=\"https:\/\/support.microsoft.com\/es-es\/windows\/administrar-cookies-en-microsoft-edge-ver-permitir-bloquear-eliminar-y-usar-168dab11-0753-043d-7c16-ede5947fc64d\">Rand<\/a><\/li><li><a href=\"https:\/\/support.mozilla.org\/es\/kb\/cookies-informacion-que-los-sitios-web-guardan-en-#w_configurar-las-cookies\">Firefox<\/a><\/li><li><a href=\"https:\/\/support.google.com\/chrome\/answer\/95647?hl=es&amp;co=GENIE.Platform%3DDesktop\">Google Chrome<\/a><\/li><li><a href=\"https:\/\/support.apple.com\/ca-es\/guide\/safari\/sfri11471\/mac\">Safari<\/a><\/li><\/ul><p>Bitte beachten Sie, dass durch die Ablehnung von Cookies einige Funktionen der Website m\u00f6glicherweise nicht verf\u00fcgbar sind oder nicht richtig funktionieren.<\/p><p><strong>5. Weitere Informationen<\/strong><\/p><p>Weitere Informationen \u00fcber Cookies und deren Verwaltung finden Sie unter www.allaboutcookies.org oder www.youronlinechoices.eu.<\/p><p><em>Aktualisiert am 21\/09\/2024<\/em><\/p>\t\t\t\t\t\t\t\t<\/div>\n\t\t\t\t<\/div>\n\t\t\t\t\t<\/div>\n\t\t\t\t<\/div>\n\t\t\t\t<\/div>\n\t\t","protected":false},"excerpt":{"rendered":"<p>Cookies Politik 1. warum verwenden wir Cookies? Cookies sind kleine Datendateien, die auf Ihrem Ger\u00e4t gespeichert werden, wenn Sie eine Website besuchen. Diese Dateien erm\u00f6glichen es uns, Ihre Aktivit\u00e4ten und Pr\u00e4ferenzen (z.B. Sprachauswahl oder Anmeldedaten) zu speichern, um Ihr Surferlebnis zu verbessern. Cookies k\u00f6nnen Informationen enthalten, die Sie zwar nicht unbedingt direkt identifizieren, aber als pers\u00f6nliche Daten betrachtet werden k\u00f6nnen. 2. warum verwenden wir Cookies? Bei MALBA NEPTUNO, SL verwenden wir Cookies, um: Technische und funktionale Cookies: Diese erm\u00f6glichen den grundlegenden Betrieb der Website und sind f\u00fcr ihre ordnungsgem\u00e4\u00dfe Nutzung erforderlich. Personalisierungs-Cookies: Passen Sie das Benutzererlebnis an, indem Sie sich Pr\u00e4ferenzen wie Sprache und regionale Einstellungen merken. Personalisierungs-Cookies: Passen Sie das Benutzererlebnis an, indem Sie sich Pr\u00e4ferenzen wie Sprache und regionale Einstellungen merken. Werbe-Cookies: Diese verwalten Werbefl\u00e4chen und personalisieren Werbung entsprechend den Surfgewohnheiten des Nutzers. Cookies von Drittanbietern: Unsere Website kann Cookies von Drittanbietern enthalten, z. B. von sozialen Netzwerken (Facebook, Twitter) oder Analysediensten (Google Analytics). F\u00fcr weitere Informationen \u00fcber diese Cookies empfehlen wir Ihnen, die Datenschutzrichtlinien dieser Unternehmen zu lesen. 3. Zustimmung zur Verwendung von Cookies Um Cookies zu verwenden, die nicht unbedingt notwendig sind, ben\u00f6tigen wir Ihre ausdr\u00fcckliche Zustimmung. Sie k\u00f6nnen Ihre Cookie-Einstellungen \u00fcber das Cookie-Banner verwalten, wenn Sie auf unsere Website zugreifen. Dort k\u00f6nnen Sie die Cookies, die Sie zulassen m\u00f6chten, akzeptieren, ablehnen oder konfigurieren. 4. Setzen und L\u00f6schen von Cookies Sie k\u00f6nnen Ihre Cookie-Einstellungen jederzeit \u00fcber Ihre Browser-Einstellungen \u00e4ndern oder Cookies l\u00f6schen. Hier finden Sie Links zu Anleitungen, wie Sie Cookies in den g\u00e4ngigsten Browsern verwalten k\u00f6nnen: Rand Firefox Google Chrome Safari Bitte beachten Sie, dass durch die Ablehnung von Cookies einige Funktionen der Website m\u00f6glicherweise nicht verf\u00fcgbar sind oder nicht richtig funktionieren. 5. Weitere Informationen Weitere Informationen \u00fcber Cookies und deren Verwaltung finden Sie unter www.allaboutcookies.org oder www.youronlinechoices.eu. Aktualisiert am 21\/09\/2024<\/p>\n","protected":false},"author":1,"featured_media":0,"parent":0,"menu_order":0,"comment_status":"closed","ping_status":"closed","template":"","meta":{"_acf_changed":false,"site-sidebar-layout":"no-sidebar","site-content-layout":"","ast-site-content-layout":"full-width-container","site-content-style":"default","site-sidebar-style":"default","ast-global-header-display":"","ast-banner-title-visibility":"","ast-main-header-display":"","ast-hfb-above-header-display":"","ast-hfb-below-header-display":"","ast-hfb-mobile-header-display":"","site-post-title":"disabled","ast-breadcrumbs-content":"","ast-featured-img":"disabled","footer-sml-layout":"","ast-disable-related-posts":"","theme-transparent-header-meta":"","adv-header-id-meta":"","stick-header-meta":"","header-above-stick-meta":"","header-main-stick-meta":"","header-below-stick-meta":"","astra-migrate-meta-layouts":"default","ast-page-background-enabled":"default","ast-page-background-meta":{"desktop":{"background-color":"var(--ast-global-color-4)","background-image":"","background-repeat":"repeat","background-position":"center center","background-size":"auto","background-attachment":"scroll","background-type":"","background-media":"","overlay-type":"","overlay-color":"","overlay-opacity":"","overlay-gradient":""},"tablet":{"background-color":"","background-image":"","background-repeat":"repeat","background-position":"center center","background-size":"auto","background-attachment":"scroll","background-type":"","background-media":"","overlay-type":"","overlay-color":"","overlay-opacity":"","overlay-gradient":""},"mobile":{"background-color":"","background-image":"","background-repeat":"repeat","background-position":"center center","background-size":"auto","background-attachment":"scroll","background-type":"","background-media":"","overlay-type":"","overlay-color":"","overlay-opacity":"","overlay-gradient":""}},"ast-content-background-meta":{"desktop":{"background-color":"var(--ast-global-color-5)","background-image":"","background-repeat":"repeat","background-position":"center center","background-size":"auto","background-attachment":"scroll","background-type":"","background-media":"","overlay-type":"","overlay-color":"","overlay-opacity":"","overlay-gradient":""},"tablet":{"background-color":"var(--ast-global-color-5)","background-image":"","background-repeat":"repeat","background-position":"center center","background-size":"auto","background-attachment":"scroll","background-type":"","background-media":"","overlay-type":"","overlay-color":"","overlay-opacity":"","overlay-gradient":""},"mobile":{"background-color":"var(--ast-global-color-5)","background-image":"","background-repeat":"repeat","background-position":"center center","background-size":"auto","background-attachment":"scroll","background-type":"","background-media":"","overlay-type":"","overlay-color":"","overlay-opacity":"","overlay-gradient":""}},"footnotes":""},"class_list":["post-14625","page","type-page","status-publish","hentry"],"acf":[],"yoast_head":"<!-- This site is optimized with the Yoast SEO plugin v27.5 - https:\/\/yoast.com\/product\/yoast-seo-wordpress\/ -->\n<title>Pr\u00fcfen Sie die Cookie-Richtlinie von Neptuno Hotel &amp; Spa%.<\/title>\n<meta name=\"description\" content=\"Lesen Sie die Cookie-Richtlinie von Neptuno Hotel &amp; Spa in Calella, um die Einhaltung der gesetzlichen Bestimmungen zu gew\u00e4hrleisten und Ihre Privatsph\u00e4re beim Surfen zu sch\u00fctzen.\" \/>\n<meta name=\"robots\" content=\"index, follow, max-snippet:-1, max-image-preview:large, max-video-preview:-1\" \/>\n<link rel=\"canonical\" href=\"https:\/\/www.hotelneptuno.com\/de\/cookie-politik\/\" \/>\n<meta property=\"og:locale\" content=\"de_DE\" \/>\n<meta property=\"og:type\" content=\"article\" \/>\n<meta property=\"og:title\" content=\"Pr\u00fcfen Sie die Cookie-Richtlinie von Neptuno Hotel &amp; Spa%.\" \/>\n<meta property=\"og:description\" content=\"Lesen Sie die Cookie-Richtlinie von Neptuno Hotel &amp; Spa in Calella, um die Einhaltung der gesetzlichen Bestimmungen zu gew\u00e4hrleisten und Ihre Privatsph\u00e4re beim Surfen zu sch\u00fctzen.\" \/>\n<meta property=\"og:url\" content=\"https:\/\/www.hotelneptuno.com\/de\/cookie-politik\/\" \/>\n<meta property=\"og:site_name\" content=\"Neptuno Hotel &amp; Spa\" \/>\n<meta property=\"article:publisher\" content=\"https:\/\/www.facebook.com\/neptunohotelspacalella\/\" \/>\n<meta property=\"article:modified_time\" content=\"2025-12-17T17:25:00+00:00\" \/>\n<meta property=\"og:image\" content=\"https:\/\/www.hotelneptuno.com\/wp-content\/uploads\/2024\/06\/Lobby-hotel-121-1.jpg\" \/>\n\t<meta property=\"og:image:width\" content=\"1600\" \/>\n\t<meta property=\"og:image:height\" content=\"1067\" \/>\n\t<meta property=\"og:image:type\" content=\"image\/jpeg\" \/>\n<meta name=\"twitter:card\" content=\"summary_large_image\" \/>\n<meta name=\"twitter:label1\" content=\"Gesch\u00e4tzte Lesezeit\" \/>\n\t<meta name=\"twitter:data1\" content=\"2\u00a0Minuten\" \/>\n<script type=\"application\/ld+json\" class=\"yoast-schema-graph\">{\"@context\":\"https:\\\/\\\/schema.org\",\"@graph\":[{\"@type\":\"WebPage\",\"@id\":\"https:\\\/\\\/www.hotelneptuno.com\\\/de\\\/cookie-politik\\\/\",\"url\":\"https:\\\/\\\/www.hotelneptuno.com\\\/de\\\/cookie-politik\\\/\",\"name\":\"Pr\u00fcfen Sie die Cookie-Richtlinie von Neptuno Hotel &amp; Spa%.\",\"isPartOf\":{\"@id\":\"https:\\\/\\\/www.hotelneptuno.com\\\/de\\\/#website\"},\"datePublished\":\"2024-03-11T10:21:51+00:00\",\"dateModified\":\"2025-12-17T17:25:00+00:00\",\"description\":\"Lesen Sie die Cookie-Richtlinie von Neptuno Hotel & Spa in Calella, um die Einhaltung der gesetzlichen Bestimmungen zu gew\u00e4hrleisten und Ihre Privatsph\u00e4re beim Surfen zu sch\u00fctzen.\",\"breadcrumb\":{\"@id\":\"https:\\\/\\\/www.hotelneptuno.com\\\/de\\\/cookie-politik\\\/#breadcrumb\"},\"inLanguage\":\"de\",\"potentialAction\":[{\"@type\":\"ReadAction\",\"target\":[\"https:\\\/\\\/www.hotelneptuno.com\\\/de\\\/cookie-politik\\\/\"]}]},{\"@type\":\"BreadcrumbList\",\"@id\":\"https:\\\/\\\/www.hotelneptuno.com\\\/de\\\/cookie-politik\\\/#breadcrumb\",\"itemListElement\":[{\"@type\":\"ListItem\",\"position\":1,\"name\":\"Portada\",\"item\":\"https:\\\/\\\/www.hotelneptuno.com\\\/de\\\/\"},{\"@type\":\"ListItem\",\"position\":2,\"name\":\"Cookie-Richtlinie\"}]},{\"@type\":\"WebSite\",\"@id\":\"https:\\\/\\\/www.hotelneptuno.com\\\/de\\\/#website\",\"url\":\"https:\\\/\\\/www.hotelneptuno.com\\\/de\\\/\",\"name\":\"Hotel Neptuno & Spa\",\"description\":\"Hotel Neptuno &amp; Spa en Calella, Barcelona\",\"publisher\":{\"@id\":\"https:\\\/\\\/www.hotelneptuno.com\\\/de\\\/#organization\"},\"alternateName\":\"Hotel Neptuno 4*\",\"potentialAction\":[{\"@type\":\"SearchAction\",\"target\":{\"@type\":\"EntryPoint\",\"urlTemplate\":\"https:\\\/\\\/www.hotelneptuno.com\\\/de\\\/?s={search_term_string}\"},\"query-input\":{\"@type\":\"PropertyValueSpecification\",\"valueRequired\":true,\"valueName\":\"search_term_string\"}}],\"inLanguage\":\"de\"},{\"@type\":\"Organization\",\"@id\":\"https:\\\/\\\/www.hotelneptuno.com\\\/de\\\/#organization\",\"name\":\"Neptuno Hotel & Spa\",\"alternateName\":\"Neptuno Hotel & Spa\",\"url\":\"https:\\\/\\\/www.hotelneptuno.com\\\/de\\\/\",\"logo\":{\"@type\":\"ImageObject\",\"inLanguage\":\"de\",\"@id\":\"https:\\\/\\\/www.hotelneptuno.com\\\/de\\\/#\\\/schema\\\/logo\\\/image\\\/\",\"url\":\"https:\\\/\\\/www.hotelneptuno.com\\\/wp-content\\\/uploads\\\/2024\\\/03\\\/logo.svg\",\"contentUrl\":\"https:\\\/\\\/www.hotelneptuno.com\\\/wp-content\\\/uploads\\\/2024\\\/03\\\/logo.svg\",\"width\":310,\"height\":128,\"caption\":\"Neptuno Hotel & Spa\"},\"image\":{\"@id\":\"https:\\\/\\\/www.hotelneptuno.com\\\/de\\\/#\\\/schema\\\/logo\\\/image\\\/\"},\"sameAs\":[\"https:\\\/\\\/www.facebook.com\\\/neptunohotelspacalella\\\/\",\"https:\\\/\\\/www.instagram.com\\\/neptunohotelspacalella\\\/\"]}]}<\/script>\n<!-- \/ Yoast SEO plugin. -->","yoast_head_json":{"title":"Pr\u00fcfen Sie die Cookie-Richtlinie von Neptuno Hotel &amp; Spa%.","description":"Lesen Sie die Cookie-Richtlinie von Neptuno Hotel & Spa in Calella, um die Einhaltung der gesetzlichen Bestimmungen zu gew\u00e4hrleisten und Ihre Privatsph\u00e4re beim Surfen zu sch\u00fctzen.","robots":{"index":"index","follow":"follow","max-snippet":"max-snippet:-1","max-image-preview":"max-image-preview:large","max-video-preview":"max-video-preview:-1"},"canonical":"https:\/\/www.hotelneptuno.com\/de\/cookie-politik\/","og_locale":"de_DE","og_type":"article","og_title":"Pr\u00fcfen Sie die Cookie-Richtlinie von Neptuno Hotel &amp; Spa%.","og_description":"Lesen Sie die Cookie-Richtlinie von Neptuno Hotel & Spa in Calella, um die Einhaltung der gesetzlichen Bestimmungen zu gew\u00e4hrleisten und Ihre Privatsph\u00e4re beim Surfen zu sch\u00fctzen.","og_url":"https:\/\/www.hotelneptuno.com\/de\/cookie-politik\/","og_site_name":"Neptuno Hotel &amp; Spa","article_publisher":"https:\/\/www.facebook.com\/neptunohotelspacalella\/","article_modified_time":"2025-12-17T17:25:00+00:00","og_image":[{"width":1600,"height":1067,"url":"https:\/\/www.hotelneptuno.com\/wp-content\/uploads\/2024\/06\/Lobby-hotel-121-1.jpg","type":"image\/jpeg"}],"twitter_card":"summary_large_image","twitter_misc":{"Gesch\u00e4tzte Lesezeit":"2\u00a0Minuten"},"schema":{"@context":"https:\/\/schema.org","@graph":[{"@type":"WebPage","@id":"https:\/\/www.hotelneptuno.com\/de\/cookie-politik\/","url":"https:\/\/www.hotelneptuno.com\/de\/cookie-politik\/","name":"Pr\u00fcfen Sie die Cookie-Richtlinie von Neptuno Hotel &amp; Spa%.","isPartOf":{"@id":"https:\/\/www.hotelneptuno.com\/de\/#website"},"datePublished":"2024-03-11T10:21:51+00:00","dateModified":"2025-12-17T17:25:00+00:00","description":"Lesen Sie die Cookie-Richtlinie von Neptuno Hotel & Spa in Calella, um die Einhaltung der gesetzlichen Bestimmungen zu gew\u00e4hrleisten und Ihre Privatsph\u00e4re beim Surfen zu sch\u00fctzen.","breadcrumb":{"@id":"https:\/\/www.hotelneptuno.com\/de\/cookie-politik\/#breadcrumb"},"inLanguage":"de","potentialAction":[{"@type":"ReadAction","target":["https:\/\/www.hotelneptuno.com\/de\/cookie-politik\/"]}]},{"@type":"BreadcrumbList","@id":"https:\/\/www.hotelneptuno.com\/de\/cookie-politik\/#breadcrumb","itemListElement":[{"@type":"ListItem","position":1,"name":"Portada","item":"https:\/\/www.hotelneptuno.com\/de\/"},{"@type":"ListItem","position":2,"name":"Cookie-Richtlinie"}]},{"@type":"WebSite","@id":"https:\/\/www.hotelneptuno.com\/de\/#website","url":"https:\/\/www.hotelneptuno.com\/de\/","name":"Hotel Neptuno & Spa","description":"Hotel Neptuno &amp; Spa en Calella, Barcelona","publisher":{"@id":"https:\/\/www.hotelneptuno.com\/de\/#organization"},"alternateName":"Hotel Neptuno 4*","potentialAction":[{"@type":"SearchAction","target":{"@type":"EntryPoint","urlTemplate":"https:\/\/www.hotelneptuno.com\/de\/?s={search_term_string}"},"query-input":{"@type":"PropertyValueSpecification","valueRequired":true,"valueName":"search_term_string"}}],"inLanguage":"de"},{"@type":"Organization","@id":"https:\/\/www.hotelneptuno.com\/de\/#organization","name":"Neptuno Hotel & Spa","alternateName":"Neptuno Hotel & Spa","url":"https:\/\/www.hotelneptuno.com\/de\/","logo":{"@type":"ImageObject","inLanguage":"de","@id":"https:\/\/www.hotelneptuno.com\/de\/#\/schema\/logo\/image\/","url":"https:\/\/www.hotelneptuno.com\/wp-content\/uploads\/2024\/03\/logo.svg","contentUrl":"https:\/\/www.hotelneptuno.com\/wp-content\/uploads\/2024\/03\/logo.svg","width":310,"height":128,"caption":"Neptuno Hotel & Spa"},"image":{"@id":"https:\/\/www.hotelneptuno.com\/de\/#\/schema\/logo\/image\/"},"sameAs":["https:\/\/www.facebook.com\/neptunohotelspacalella\/","https:\/\/www.instagram.com\/neptunohotelspacalella\/"]}]}},"_links":{"self":[{"href":"https:\/\/www.hotelneptuno.com\/de\/wp-json\/wp\/v2\/pages\/14625","targetHints":{"allow":["GET"]}}],"collection":[{"href":"https:\/\/www.hotelneptuno.com\/de\/wp-json\/wp\/v2\/pages"}],"about":[{"href":"https:\/\/www.hotelneptuno.com\/de\/wp-json\/wp\/v2\/types\/page"}],"author":[{"embeddable":true,"href":"https:\/\/www.hotelneptuno.com\/de\/wp-json\/wp\/v2\/users\/1"}],"replies":[{"embeddable":true,"href":"https:\/\/www.hotelneptuno.com\/de\/wp-json\/wp\/v2\/comments?post=14625"}],"version-history":[{"count":0,"href":"https:\/\/www.hotelneptuno.com\/de\/wp-json\/wp\/v2\/pages\/14625\/revisions"}],"wp:attachment":[{"href":"https:\/\/www.hotelneptuno.com\/de\/wp-json\/wp\/v2\/media?parent=14625"}],"curies":[{"name":"wp","href":"https:\/\/api.w.org\/{rel}","templated":true}]}}