{"id":14617,"date":"2024-03-11T11:25:43","date_gmt":"2024-03-11T10:25:43","guid":{"rendered":"https:\/\/hotelneptuno.com\/datenschutzrichtlinie\/"},"modified":"2025-12-17T18:25:00","modified_gmt":"2025-12-17T17:25:00","slug":"datenschutzbestimmungen","status":"publish","type":"page","link":"https:\/\/www.hotelneptuno.com\/de\/datenschutzbestimmungen\/","title":{"rendered":"Datenschutzbestimmungen"},"content":{"rendered":"\t\t<div data-elementor-type=\"wp-page\" data-elementor-id=\"14617\" class=\"elementor elementor-14617 elementor-14609\" data-elementor-post-type=\"page\">\n\t\t\t\t<div class=\"elementor-element elementor-element-fb40343 e-flex e-con-boxed wpr-particle-no wpr-jarallax-no wpr-parallax-no wpr-sticky-section-no wpr-equal-height-no e-con e-parent\" data-id=\"fb40343\" data-element_type=\"container\" data-e-type=\"container\" data-settings=\"{&quot;background_background&quot;:&quot;classic&quot;}\">\n\t\t\t\t\t<div class=\"e-con-inner\">\n\t\t\t\t<div class=\"elementor-element elementor-element-5e5c646 elementor-widget elementor-widget-heading\" data-id=\"5e5c646\" data-element_type=\"widget\" data-e-type=\"widget\" data-widget_type=\"heading.default\">\n\t\t\t\t<div class=\"elementor-widget-container\">\n\t\t\t\t\t<h1 class=\"elementor-heading-title elementor-size-default\">Datenschutzbestimmungen<\/h1>\t\t\t\t<\/div>\n\t\t\t\t<\/div>\n\t\t\t\t\t<\/div>\n\t\t\t\t<\/div>\n\t\t<div class=\"elementor-element elementor-element-ac09d13 e-flex e-con-boxed wpr-particle-no wpr-jarallax-no wpr-parallax-no wpr-sticky-section-no wpr-equal-height-no e-con e-parent\" data-id=\"ac09d13\" data-element_type=\"container\" data-e-type=\"container\">\n\t\t\t\t\t<div class=\"e-con-inner\">\n\t\t\t\t<div class=\"elementor-element elementor-element-a23feb3 elementor-widget elementor-widget-text-editor\" data-id=\"a23feb3\" data-element_type=\"widget\" data-e-type=\"widget\" data-widget_type=\"text-editor.default\">\n\t\t\t\t<div class=\"elementor-widget-container\">\n\t\t\t\t\t\t\t\t\t<p><strong>Data Controller<\/strong><\/p><p>In \u00dcbereinstimmung mit der Verordnung (EU) 2016\/679 des Europ\u00e4ischen Parlaments und des Rates vom 27. April 2016 (Allgemeine Datenschutzverordnung &#8211; GDPR) und dem Organgesetz 3\/2018 \u00fcber den Schutz personenbezogener Daten und die Gew\u00e4hrleistung digitaler Rechte (LOPDGDD) informieren wir Sie hiermit, dass der Verantwortliche f\u00fcr die Verarbeitung Ihrer personenbezogenen Daten MALBA NEPTUNO, SL, mit der Steueridentifikationsnummer B66393364, eingetragen im Handelsregister von Barcelona, mit Sitz in Carrer Sant Josep 82, 08370 Calella, Barcelona, ist. Sie k\u00f6nnen uns unter lopd@hotelneptuno.com erreichen. <\/p><p><strong>Zwecke der Verarbeitung<\/strong><\/p><p>Die von uns erfassten personenbezogenen Daten werden je nach Erfassungskontext f\u00fcr die folgenden Zwecke verarbeitet:<\/p><ul><li>Kundenservice\/Kontakt: Um Ihre Anfragen und W\u00fcnsche zu beantworten und die gew\u00fcnschten Dienstleistungen zu erbringen.<\/li><li>Newsletter-Abonnement: Zur Verwaltung des Versands von kommerziellen Informationen \u00fcber unsere Produkte und Dienstleistungen per Post, E-Mail oder SMS.<\/li><li>Buchungen: Zur Verwaltung und Bearbeitung von Buchungen.<\/li><li>Interne Statistiken: Die Daten k\u00f6nnen verwendet werden, um interne Statistiken zu erstellen, damit wir unsere Dienstleistungen verbessern k\u00f6nnen.<\/li><li>Bereitstellung von Dienstleistungen w\u00e4hrend des Aufenthalts: In unseren Einrichtungen werden die Daten verwendet, um die angeforderten Dienstleistungen zu verwalten und bereitzustellen, wie z.B. Ausfl\u00fcge, Spa, Wellness und andere.<\/li><\/ul><p><strong>Aufbewahrungszeitraum<\/strong><\/p><p>Personenbezogene Daten werden f\u00fcr die Dauer des Vertragsverh\u00e4ltnisses aufbewahrt. Nach Beendigung des Vertragsverh\u00e4ltnisses werden sie gesperrt und nur f\u00fcr den gesetzlich vorgeschriebenen Zeitraum aufbewahrt, um m\u00f6gliche Anspr\u00fcche zu bearbeiten. Nach Ablauf dieses Zeitraums werden sie endg\u00fcltig gel\u00f6scht. Daten f\u00fcr die Zusendung kommerzieller Informationen werden so lange aufbewahrt, wie Sie nicht deren L\u00f6schung verlangen.   <\/p><p><strong>Legitimation der Verarbeitung<\/strong><\/p><p>Die Rechtsgrundlage f\u00fcr die Verarbeitung Ihrer Daten ist die Erf\u00fcllung eines Vertrags und die Erf\u00fcllung der rechtlichen Verpflichtungen, die sich aus den vertraglich vereinbarten Dienstleistungen ergeben. F\u00fcr alle anderen Zwecke basiert die Verarbeitung auf Ihrer Einwilligung, die Sie jederzeit widerrufen k\u00f6nnen, ohne dass die Rechtm\u00e4\u00dfigkeit der bisherigen Verarbeitung ber\u00fchrt wird. <\/p><p><strong>Schutz von Minderj\u00e4hrigen<\/strong><\/p><p>Kinder unter 14 Jahren k\u00f6nnen der Verarbeitung ihrer Daten nicht zustimmen; nur ihre Eltern oder Erziehungsberechtigten k\u00f6nnen dies in ihrem Namen tun.<\/p><p><strong>Ma\u00dfnahmen zur Sicherheit und Vertraulichkeit<\/strong><\/p><p>MALBA NEPTUNO, SL hat angemessene technische und organisatorische Ma\u00dfnahmen ergriffen, um Ihre pers\u00f6nlichen Daten in \u00dcbereinstimmung mit der RGPD, der LOPDGDD und den geltenden Vorschriften f\u00fcr Dienste der Informationsgesellschaft und Telekommunikation zu sch\u00fctzen. Wir verpflichten uns, die Vertraulichkeit Ihrer Daten auch nach Beendigung des Vertragsverh\u00e4ltnisses zu wahren. <\/p><p><strong>Weitergabe von Daten an Dritte<\/strong><\/p><p>Ihre Daten werden nicht an Dritte weitergegeben, es sei denn, Sie sind gesetzlich dazu verpflichtet oder sie sind f\u00fcr die Erbringung der vertraglich vereinbarten Leistungen erforderlich. In Anwendung der geltenden Gesetzgebung werden die Daten der G\u00e4ste beim Einchecken im Hotel an die staatlichen Sicherheitskr\u00e4fte und -organe weitergegeben. <\/p><p><strong>Kategorien von verarbeiteten Daten<\/strong><\/p><p>Zu den verarbeiteten Daten geh\u00f6ren Identifikationsdaten (Name, Nachname, Ausweis-\/Reisepassnummer, Telefonnummer, Adresse, E-Mail-Adresse) und Finanzdaten (Kredit-\/Debitkarte).<\/p><p><strong>Internationale Daten\u00fcbertragungen<\/strong><\/p><p>Es werden keine internationalen \u00dcbertragungen Ihrer Daten vorgenommen.<\/p><p><strong>Zustimmung und Datenaktualisierung<\/strong><\/p><p>Sofern Sie uns nicht das Gegenteil mitteilen, gehen wir davon aus, dass sich Ihre Daten nicht ge\u00e4ndert haben und dass Sie mit deren Verwendung f\u00fcr die oben genannten Zwecke einverstanden sind. Die \u00dcbermittlung Ihrer Daten \u00fcber die Formulare auf unserer Website setzt die Zustimmung zu dieser Datenschutzrichtlinie voraus, die Sie durch Ankreuzen des Zustimmungsfeldes vor der \u00dcbermittlung Ihrer Daten best\u00e4tigen. <\/p><p><strong>Benutzerrechte<\/strong><\/p><p>Sie haben das Recht, auf Ihre Daten zuzugreifen, sie zu berichtigen, zu l\u00f6schen, Widerspruch einzulegen, die Verarbeitung einzuschr\u00e4nken und die \u00dcbertragbarkeit Ihrer Daten zu verlangen. Sie k\u00f6nnen diese Rechte aus\u00fcben, indem Sie eine Anfrage an lopd@hotelneptuno.com senden. In der Anfrage sollten Sie ausreichende Angaben machen, um Ihren Fall zu identifizieren. Nur in F\u00e4llen, in denen begr\u00fcndete Zweifel an Ihrer Identit\u00e4t bestehen, k\u00f6nnen wir zus\u00e4tzliche Informationen anfordern, um Ihre Identit\u00e4t zu \u00fcberpr\u00fcfen.    <br>Dar\u00fcber hinaus k\u00f6nnen Sie auf der Website der spanischen Datenschutzbeh\u00f6rde (www.aepd.es) standardisierte Formulare abrufen, die Ihnen bei der Wahrnehmung Ihrer Rechte helfen. Das Unternehmen wird auf Ihre Anfrage innerhalb der gesetzlich festgelegten Frist antworten. <\/p><p><strong>Datenschutzbeauftragter (DPD)<\/strong><\/p><p>Sollten Sie eine Beschwerde \u00fcber die Verarbeitung Ihrer pers\u00f6nlichen Daten einreichen wollen, k\u00f6nnen Sie sich an den Datenschutzbeauftragten von MALBA NEPTUNO, SL wenden, indem Sie eine E-Mail an dpd@hotelneptuno.com senden. Der Datenschutzbeauftragte steht Ihnen f\u00fcr alle Fragen, Beschwerden oder Bitten um weitere Informationen \u00fcber die Verarbeitung Ihrer personenbezogenen Daten zur Verf\u00fcgung. <\/p><p><strong>Beschwerden bei der Aufsichtsbeh\u00f6rde<\/strong><\/p><p>Wenn Sie der Meinung sind, dass Ihre Rechte nicht angemessen ber\u00fccksichtigt wurden oder dass bei der Verarbeitung Ihrer pers\u00f6nlichen Daten ein Versto\u00df vorliegt, haben Sie das Recht, bei der spanischen Datenschutzbeh\u00f6rde (AEPD) eine Beschwerde einzureichen. Weitere Informationen dazu erhalten Sie auf der offiziellen Website der AEPD unter www.aepd.es. <\/p><p><em>Aktualisiert am 21\/09\/2024<\/em><\/p>\t\t\t\t\t\t\t\t<\/div>\n\t\t\t\t<\/div>\n\t\t\t\t\t<\/div>\n\t\t\t\t<\/div>\n\t\t\t\t<\/div>\n\t\t","protected":false},"excerpt":{"rendered":"<p>Datenschutzbestimmungen Data Controller In \u00dcbereinstimmung mit der Verordnung (EU) 2016\/679 des Europ\u00e4ischen Parlaments und des Rates vom 27. April 2016 (Allgemeine Datenschutzverordnung &#8211; GDPR) und dem Organgesetz 3\/2018 \u00fcber den Schutz personenbezogener Daten und die Gew\u00e4hrleistung digitaler Rechte (LOPDGDD) informieren wir Sie hiermit, dass der Verantwortliche f\u00fcr die Verarbeitung Ihrer personenbezogenen Daten MALBA NEPTUNO, SL, mit der Steueridentifikationsnummer B66393364, eingetragen im Handelsregister von Barcelona, mit Sitz in Carrer Sant Josep 82, 08370 Calella, Barcelona, ist. Sie k\u00f6nnen uns unter lopd@hotelneptuno.com erreichen. Zwecke der Verarbeitung Die von uns erfassten personenbezogenen Daten werden je nach Erfassungskontext f\u00fcr die folgenden Zwecke verarbeitet: Kundenservice\/Kontakt: Um Ihre Anfragen und W\u00fcnsche zu beantworten und die gew\u00fcnschten Dienstleistungen zu erbringen. Newsletter-Abonnement: Zur Verwaltung des Versands von kommerziellen Informationen \u00fcber unsere Produkte und Dienstleistungen per Post, E-Mail oder SMS. Buchungen: Zur Verwaltung und Bearbeitung von Buchungen. Interne Statistiken: Die Daten k\u00f6nnen verwendet werden, um interne Statistiken zu erstellen, damit wir unsere Dienstleistungen verbessern k\u00f6nnen. Bereitstellung von Dienstleistungen w\u00e4hrend des Aufenthalts: In unseren Einrichtungen werden die Daten verwendet, um die angeforderten Dienstleistungen zu verwalten und bereitzustellen, wie z.B. Ausfl\u00fcge, Spa, Wellness und andere. Aufbewahrungszeitraum Personenbezogene Daten werden f\u00fcr die Dauer des Vertragsverh\u00e4ltnisses aufbewahrt. Nach Beendigung des Vertragsverh\u00e4ltnisses werden sie gesperrt und nur f\u00fcr den gesetzlich vorgeschriebenen Zeitraum aufbewahrt, um m\u00f6gliche Anspr\u00fcche zu bearbeiten. Nach Ablauf dieses Zeitraums werden sie endg\u00fcltig gel\u00f6scht. Daten f\u00fcr die Zusendung kommerzieller Informationen werden so lange aufbewahrt, wie Sie nicht deren L\u00f6schung verlangen. Legitimation der Verarbeitung Die Rechtsgrundlage f\u00fcr die Verarbeitung Ihrer Daten ist die Erf\u00fcllung eines Vertrags und die Erf\u00fcllung der rechtlichen Verpflichtungen, die sich aus den vertraglich vereinbarten Dienstleistungen ergeben. F\u00fcr alle anderen Zwecke basiert die Verarbeitung auf Ihrer Einwilligung, die Sie jederzeit widerrufen k\u00f6nnen, ohne dass die Rechtm\u00e4\u00dfigkeit der bisherigen Verarbeitung ber\u00fchrt wird. Schutz von Minderj\u00e4hrigen Kinder unter 14 Jahren k\u00f6nnen der Verarbeitung ihrer Daten nicht zustimmen; nur ihre Eltern oder Erziehungsberechtigten k\u00f6nnen dies in ihrem Namen tun. Ma\u00dfnahmen zur Sicherheit und Vertraulichkeit MALBA NEPTUNO, SL hat angemessene technische und organisatorische Ma\u00dfnahmen ergriffen, um Ihre pers\u00f6nlichen Daten in \u00dcbereinstimmung mit der RGPD, der LOPDGDD und den geltenden Vorschriften f\u00fcr Dienste der Informationsgesellschaft und Telekommunikation zu sch\u00fctzen. Wir verpflichten uns, die Vertraulichkeit Ihrer Daten auch nach Beendigung des Vertragsverh\u00e4ltnisses zu wahren. Weitergabe von Daten an Dritte Ihre Daten werden nicht an Dritte weitergegeben, es sei denn, Sie sind gesetzlich dazu verpflichtet oder sie sind f\u00fcr die Erbringung der vertraglich vereinbarten Leistungen erforderlich. In Anwendung der geltenden Gesetzgebung werden die Daten der G\u00e4ste beim Einchecken im Hotel an die staatlichen Sicherheitskr\u00e4fte und -organe weitergegeben. Kategorien von verarbeiteten Daten Zu den verarbeiteten Daten geh\u00f6ren Identifikationsdaten (Name, Nachname, Ausweis-\/Reisepassnummer, Telefonnummer, Adresse, E-Mail-Adresse) und Finanzdaten (Kredit-\/Debitkarte). Internationale Daten\u00fcbertragungen Es werden keine internationalen \u00dcbertragungen Ihrer Daten vorgenommen. Zustimmung und Datenaktualisierung Sofern Sie uns nicht das Gegenteil mitteilen, gehen wir davon aus, dass sich Ihre Daten nicht ge\u00e4ndert haben und dass Sie mit deren Verwendung f\u00fcr die oben genannten Zwecke einverstanden sind. Die \u00dcbermittlung Ihrer Daten \u00fcber die Formulare auf unserer Website setzt die Zustimmung zu dieser Datenschutzrichtlinie voraus, die Sie durch Ankreuzen des Zustimmungsfeldes vor der \u00dcbermittlung Ihrer Daten best\u00e4tigen. Benutzerrechte Sie haben das Recht, auf Ihre Daten zuzugreifen, sie zu berichtigen, zu l\u00f6schen, Widerspruch einzulegen, die Verarbeitung einzuschr\u00e4nken und die \u00dcbertragbarkeit Ihrer Daten zu verlangen. Sie k\u00f6nnen diese Rechte aus\u00fcben, indem Sie eine Anfrage an lopd@hotelneptuno.com senden. In der Anfrage sollten Sie ausreichende Angaben machen, um Ihren Fall zu identifizieren. Nur in F\u00e4llen, in denen begr\u00fcndete Zweifel an Ihrer Identit\u00e4t bestehen, k\u00f6nnen wir zus\u00e4tzliche Informationen anfordern, um Ihre Identit\u00e4t zu \u00fcberpr\u00fcfen. Dar\u00fcber hinaus k\u00f6nnen Sie auf der Website der spanischen Datenschutzbeh\u00f6rde (www.aepd.es) standardisierte Formulare abrufen, die Ihnen bei der Wahrnehmung Ihrer Rechte helfen. Das Unternehmen wird auf Ihre Anfrage innerhalb der gesetzlich festgelegten Frist antworten. Datenschutzbeauftragter (DPD) Sollten Sie eine Beschwerde \u00fcber die Verarbeitung Ihrer pers\u00f6nlichen Daten einreichen wollen, k\u00f6nnen Sie sich an den Datenschutzbeauftragten von MALBA NEPTUNO, SL wenden, indem Sie eine E-Mail an dpd@hotelneptuno.com senden. Der Datenschutzbeauftragte steht Ihnen f\u00fcr alle Fragen, Beschwerden oder Bitten um weitere Informationen \u00fcber die Verarbeitung Ihrer personenbezogenen Daten zur Verf\u00fcgung. Beschwerden bei der Aufsichtsbeh\u00f6rde Wenn Sie der Meinung sind, dass Ihre Rechte nicht angemessen ber\u00fccksichtigt wurden oder dass bei der Verarbeitung Ihrer pers\u00f6nlichen Daten ein Versto\u00df vorliegt, haben Sie das Recht, bei der spanischen Datenschutzbeh\u00f6rde (AEPD) eine Beschwerde einzureichen. Weitere Informationen dazu erhalten Sie auf der offiziellen Website der AEPD unter www.aepd.es. Aktualisiert am 21\/09\/2024<\/p>\n","protected":false},"author":1,"featured_media":0,"parent":0,"menu_order":0,"comment_status":"closed","ping_status":"closed","template":"","meta":{"_acf_changed":false,"site-sidebar-layout":"no-sidebar","site-content-layout":"","ast-site-content-layout":"full-width-container","site-content-style":"default","site-sidebar-style":"default","ast-global-header-display":"","ast-banner-title-visibility":"","ast-main-header-display":"","ast-hfb-above-header-display":"","ast-hfb-below-header-display":"","ast-hfb-mobile-header-display":"","site-post-title":"disabled","ast-breadcrumbs-content":"","ast-featured-img":"disabled","footer-sml-layout":"","ast-disable-related-posts":"","theme-transparent-header-meta":"","adv-header-id-meta":"","stick-header-meta":"","header-above-stick-meta":"","header-main-stick-meta":"","header-below-stick-meta":"","astra-migrate-meta-layouts":"default","ast-page-background-enabled":"default","ast-page-background-meta":{"desktop":{"background-color":"var(--ast-global-color-4)","background-image":"","background-repeat":"repeat","background-position":"center center","background-size":"auto","background-attachment":"scroll","background-type":"","background-media":"","overlay-type":"","overlay-color":"","overlay-opacity":"","overlay-gradient":""},"tablet":{"background-color":"","background-image":"","background-repeat":"repeat","background-position":"center center","background-size":"auto","background-attachment":"scroll","background-type":"","background-media":"","overlay-type":"","overlay-color":"","overlay-opacity":"","overlay-gradient":""},"mobile":{"background-color":"","background-image":"","background-repeat":"repeat","background-position":"center center","background-size":"auto","background-attachment":"scroll","background-type":"","background-media":"","overlay-type":"","overlay-color":"","overlay-opacity":"","overlay-gradient":""}},"ast-content-background-meta":{"desktop":{"background-color":"var(--ast-global-color-5)","background-image":"","background-repeat":"repeat","background-position":"center center","background-size":"auto","background-attachment":"scroll","background-type":"","background-media":"","overlay-type":"","overlay-color":"","overlay-opacity":"","overlay-gradient":""},"tablet":{"background-color":"var(--ast-global-color-5)","background-image":"","background-repeat":"repeat","background-position":"center center","background-size":"auto","background-attachment":"scroll","background-type":"","background-media":"","overlay-type":"","overlay-color":"","overlay-opacity":"","overlay-gradient":""},"mobile":{"background-color":"var(--ast-global-color-5)","background-image":"","background-repeat":"repeat","background-position":"center center","background-size":"auto","background-attachment":"scroll","background-type":"","background-media":"","overlay-type":"","overlay-color":"","overlay-opacity":"","overlay-gradient":""}},"footnotes":""},"class_list":["post-14617","page","type-page","status-publish","hentry"],"acf":[],"yoast_head":"<!-- This site is optimized with the Yoast SEO plugin v27.5 - https:\/\/yoast.com\/product\/yoast-seo-wordpress\/ -->\n<title>Entdecken Sie die Datenschutzbestimmungen auf der Website des Hotels in Calella | Neptuno Hotel &amp; Spa%.<\/title>\n<meta name=\"description\" content=\"Entdecken Sie, wie wir Ihre Privatsph\u00e4re im Neptuno Hotel &amp; Spa in Calella sch\u00fctzen - buchen Sie jetzt und genie\u00dfen Sie den Seelenfrieden mit uns!\" \/>\n<meta name=\"robots\" content=\"index, follow, max-snippet:-1, max-image-preview:large, max-video-preview:-1\" \/>\n<link rel=\"canonical\" href=\"https:\/\/www.hotelneptuno.com\/de\/datenschutzbestimmungen\/\" \/>\n<meta property=\"og:locale\" content=\"de_DE\" \/>\n<meta property=\"og:type\" content=\"article\" \/>\n<meta property=\"og:title\" content=\"Entdecken Sie die Datenschutzbestimmungen auf der Website des Hotels in Calella | Neptuno Hotel &amp; Spa%.\" \/>\n<meta property=\"og:description\" content=\"Entdecken Sie, wie wir Ihre Privatsph\u00e4re im Neptuno Hotel &amp; Spa in Calella sch\u00fctzen - buchen Sie jetzt und genie\u00dfen Sie den Seelenfrieden mit uns!\" \/>\n<meta property=\"og:url\" content=\"https:\/\/www.hotelneptuno.com\/de\/datenschutzbestimmungen\/\" \/>\n<meta property=\"og:site_name\" content=\"Neptuno Hotel &amp; Spa\" \/>\n<meta property=\"article:publisher\" content=\"https:\/\/www.facebook.com\/neptunohotelspacalella\/\" \/>\n<meta property=\"article:modified_time\" content=\"2025-12-17T17:25:00+00:00\" \/>\n<meta property=\"og:image\" content=\"https:\/\/www.hotelneptuno.com\/wp-content\/uploads\/2024\/06\/Lobby-hotel-121-1.jpg\" \/>\n\t<meta property=\"og:image:width\" content=\"1600\" \/>\n\t<meta property=\"og:image:height\" content=\"1067\" \/>\n\t<meta property=\"og:image:type\" content=\"image\/jpeg\" \/>\n<meta name=\"twitter:card\" content=\"summary_large_image\" \/>\n<meta name=\"twitter:label1\" content=\"Gesch\u00e4tzte Lesezeit\" \/>\n\t<meta name=\"twitter:data1\" content=\"4\u00a0Minuten\" \/>\n<script type=\"application\/ld+json\" class=\"yoast-schema-graph\">{\"@context\":\"https:\\\/\\\/schema.org\",\"@graph\":[{\"@type\":\"WebPage\",\"@id\":\"https:\\\/\\\/www.hotelneptuno.com\\\/de\\\/datenschutzbestimmungen\\\/\",\"url\":\"https:\\\/\\\/www.hotelneptuno.com\\\/de\\\/datenschutzbestimmungen\\\/\",\"name\":\"Entdecken Sie die Datenschutzbestimmungen auf der Website des Hotels in Calella | Neptuno Hotel &amp; Spa%.\",\"isPartOf\":{\"@id\":\"https:\\\/\\\/www.hotelneptuno.com\\\/de\\\/#website\"},\"datePublished\":\"2024-03-11T10:25:43+00:00\",\"dateModified\":\"2025-12-17T17:25:00+00:00\",\"description\":\"Entdecken Sie, wie wir Ihre Privatsph\u00e4re im Neptuno Hotel & Spa in Calella sch\u00fctzen - buchen Sie jetzt und genie\u00dfen Sie den Seelenfrieden mit uns!\",\"breadcrumb\":{\"@id\":\"https:\\\/\\\/www.hotelneptuno.com\\\/de\\\/datenschutzbestimmungen\\\/#breadcrumb\"},\"inLanguage\":\"de\",\"potentialAction\":[{\"@type\":\"ReadAction\",\"target\":[\"https:\\\/\\\/www.hotelneptuno.com\\\/de\\\/datenschutzbestimmungen\\\/\"]}]},{\"@type\":\"BreadcrumbList\",\"@id\":\"https:\\\/\\\/www.hotelneptuno.com\\\/de\\\/datenschutzbestimmungen\\\/#breadcrumb\",\"itemListElement\":[{\"@type\":\"ListItem\",\"position\":1,\"name\":\"Portada\",\"item\":\"https:\\\/\\\/www.hotelneptuno.com\\\/de\\\/\"},{\"@type\":\"ListItem\",\"position\":2,\"name\":\"Datenschutzbestimmungen\"}]},{\"@type\":\"WebSite\",\"@id\":\"https:\\\/\\\/www.hotelneptuno.com\\\/de\\\/#website\",\"url\":\"https:\\\/\\\/www.hotelneptuno.com\\\/de\\\/\",\"name\":\"Hotel Neptuno & Spa\",\"description\":\"Hotel Neptuno &amp; Spa en Calella, Barcelona\",\"publisher\":{\"@id\":\"https:\\\/\\\/www.hotelneptuno.com\\\/de\\\/#organization\"},\"alternateName\":\"Hotel Neptuno 4*\",\"potentialAction\":[{\"@type\":\"SearchAction\",\"target\":{\"@type\":\"EntryPoint\",\"urlTemplate\":\"https:\\\/\\\/www.hotelneptuno.com\\\/de\\\/?s={search_term_string}\"},\"query-input\":{\"@type\":\"PropertyValueSpecification\",\"valueRequired\":true,\"valueName\":\"search_term_string\"}}],\"inLanguage\":\"de\"},{\"@type\":\"Organization\",\"@id\":\"https:\\\/\\\/www.hotelneptuno.com\\\/de\\\/#organization\",\"name\":\"Neptuno Hotel & Spa\",\"alternateName\":\"Neptuno Hotel & Spa\",\"url\":\"https:\\\/\\\/www.hotelneptuno.com\\\/de\\\/\",\"logo\":{\"@type\":\"ImageObject\",\"inLanguage\":\"de\",\"@id\":\"https:\\\/\\\/www.hotelneptuno.com\\\/de\\\/#\\\/schema\\\/logo\\\/image\\\/\",\"url\":\"https:\\\/\\\/www.hotelneptuno.com\\\/wp-content\\\/uploads\\\/2024\\\/03\\\/logo.svg\",\"contentUrl\":\"https:\\\/\\\/www.hotelneptuno.com\\\/wp-content\\\/uploads\\\/2024\\\/03\\\/logo.svg\",\"width\":310,\"height\":128,\"caption\":\"Neptuno Hotel & Spa\"},\"image\":{\"@id\":\"https:\\\/\\\/www.hotelneptuno.com\\\/de\\\/#\\\/schema\\\/logo\\\/image\\\/\"},\"sameAs\":[\"https:\\\/\\\/www.facebook.com\\\/neptunohotelspacalella\\\/\",\"https:\\\/\\\/www.instagram.com\\\/neptunohotelspacalella\\\/\"]}]}<\/script>\n<!-- \/ Yoast SEO plugin. -->","yoast_head_json":{"title":"Entdecken Sie die Datenschutzbestimmungen auf der Website des Hotels in Calella | Neptuno Hotel &amp; Spa%.","description":"Entdecken Sie, wie wir Ihre Privatsph\u00e4re im Neptuno Hotel & Spa in Calella sch\u00fctzen - buchen Sie jetzt und genie\u00dfen Sie den Seelenfrieden mit uns!","robots":{"index":"index","follow":"follow","max-snippet":"max-snippet:-1","max-image-preview":"max-image-preview:large","max-video-preview":"max-video-preview:-1"},"canonical":"https:\/\/www.hotelneptuno.com\/de\/datenschutzbestimmungen\/","og_locale":"de_DE","og_type":"article","og_title":"Entdecken Sie die Datenschutzbestimmungen auf der Website des Hotels in Calella | Neptuno Hotel &amp; Spa%.","og_description":"Entdecken Sie, wie wir Ihre Privatsph\u00e4re im Neptuno Hotel & Spa in Calella sch\u00fctzen - buchen Sie jetzt und genie\u00dfen Sie den Seelenfrieden mit uns!","og_url":"https:\/\/www.hotelneptuno.com\/de\/datenschutzbestimmungen\/","og_site_name":"Neptuno Hotel &amp; Spa","article_publisher":"https:\/\/www.facebook.com\/neptunohotelspacalella\/","article_modified_time":"2025-12-17T17:25:00+00:00","og_image":[{"width":1600,"height":1067,"url":"https:\/\/www.hotelneptuno.com\/wp-content\/uploads\/2024\/06\/Lobby-hotel-121-1.jpg","type":"image\/jpeg"}],"twitter_card":"summary_large_image","twitter_misc":{"Gesch\u00e4tzte Lesezeit":"4\u00a0Minuten"},"schema":{"@context":"https:\/\/schema.org","@graph":[{"@type":"WebPage","@id":"https:\/\/www.hotelneptuno.com\/de\/datenschutzbestimmungen\/","url":"https:\/\/www.hotelneptuno.com\/de\/datenschutzbestimmungen\/","name":"Entdecken Sie die Datenschutzbestimmungen auf der Website des Hotels in Calella | Neptuno Hotel &amp; Spa%.","isPartOf":{"@id":"https:\/\/www.hotelneptuno.com\/de\/#website"},"datePublished":"2024-03-11T10:25:43+00:00","dateModified":"2025-12-17T17:25:00+00:00","description":"Entdecken Sie, wie wir Ihre Privatsph\u00e4re im Neptuno Hotel & Spa in Calella sch\u00fctzen - buchen Sie jetzt und genie\u00dfen Sie den Seelenfrieden mit uns!","breadcrumb":{"@id":"https:\/\/www.hotelneptuno.com\/de\/datenschutzbestimmungen\/#breadcrumb"},"inLanguage":"de","potentialAction":[{"@type":"ReadAction","target":["https:\/\/www.hotelneptuno.com\/de\/datenschutzbestimmungen\/"]}]},{"@type":"BreadcrumbList","@id":"https:\/\/www.hotelneptuno.com\/de\/datenschutzbestimmungen\/#breadcrumb","itemListElement":[{"@type":"ListItem","position":1,"name":"Portada","item":"https:\/\/www.hotelneptuno.com\/de\/"},{"@type":"ListItem","position":2,"name":"Datenschutzbestimmungen"}]},{"@type":"WebSite","@id":"https:\/\/www.hotelneptuno.com\/de\/#website","url":"https:\/\/www.hotelneptuno.com\/de\/","name":"Hotel Neptuno & Spa","description":"Hotel Neptuno &amp; Spa en Calella, Barcelona","publisher":{"@id":"https:\/\/www.hotelneptuno.com\/de\/#organization"},"alternateName":"Hotel Neptuno 4*","potentialAction":[{"@type":"SearchAction","target":{"@type":"EntryPoint","urlTemplate":"https:\/\/www.hotelneptuno.com\/de\/?s={search_term_string}"},"query-input":{"@type":"PropertyValueSpecification","valueRequired":true,"valueName":"search_term_string"}}],"inLanguage":"de"},{"@type":"Organization","@id":"https:\/\/www.hotelneptuno.com\/de\/#organization","name":"Neptuno Hotel & Spa","alternateName":"Neptuno Hotel & Spa","url":"https:\/\/www.hotelneptuno.com\/de\/","logo":{"@type":"ImageObject","inLanguage":"de","@id":"https:\/\/www.hotelneptuno.com\/de\/#\/schema\/logo\/image\/","url":"https:\/\/www.hotelneptuno.com\/wp-content\/uploads\/2024\/03\/logo.svg","contentUrl":"https:\/\/www.hotelneptuno.com\/wp-content\/uploads\/2024\/03\/logo.svg","width":310,"height":128,"caption":"Neptuno Hotel & Spa"},"image":{"@id":"https:\/\/www.hotelneptuno.com\/de\/#\/schema\/logo\/image\/"},"sameAs":["https:\/\/www.facebook.com\/neptunohotelspacalella\/","https:\/\/www.instagram.com\/neptunohotelspacalella\/"]}]}},"_links":{"self":[{"href":"https:\/\/www.hotelneptuno.com\/de\/wp-json\/wp\/v2\/pages\/14617","targetHints":{"allow":["GET"]}}],"collection":[{"href":"https:\/\/www.hotelneptuno.com\/de\/wp-json\/wp\/v2\/pages"}],"about":[{"href":"https:\/\/www.hotelneptuno.com\/de\/wp-json\/wp\/v2\/types\/page"}],"author":[{"embeddable":true,"href":"https:\/\/www.hotelneptuno.com\/de\/wp-json\/wp\/v2\/users\/1"}],"replies":[{"embeddable":true,"href":"https:\/\/www.hotelneptuno.com\/de\/wp-json\/wp\/v2\/comments?post=14617"}],"version-history":[{"count":0,"href":"https:\/\/www.hotelneptuno.com\/de\/wp-json\/wp\/v2\/pages\/14617\/revisions"}],"wp:attachment":[{"href":"https:\/\/www.hotelneptuno.com\/de\/wp-json\/wp\/v2\/media?parent=14617"}],"curies":[{"name":"wp","href":"https:\/\/api.w.org\/{rel}","templated":true}]}}