{"id":14527,"date":"2024-03-11T11:19:54","date_gmt":"2024-03-11T10:19:54","guid":{"rendered":"https:\/\/hotelneptuno.com\/online-streitbeilegung\/"},"modified":"2025-12-17T18:24:49","modified_gmt":"2025-12-17T17:24:49","slug":"rechtliche-losung-online","status":"publish","type":"page","link":"https:\/\/www.hotelneptuno.com\/de\/rechtliche-losung-online\/","title":{"rendered":"Online-Streitbeilegung"},"content":{"rendered":"\t\t<div data-elementor-type=\"wp-page\" data-elementor-id=\"14527\" class=\"elementor elementor-14527 elementor-14523\" data-elementor-post-type=\"page\">\n\t\t\t\t<div class=\"elementor-element elementor-element-fb40343 e-flex e-con-boxed wpr-particle-no wpr-jarallax-no wpr-parallax-no wpr-sticky-section-no wpr-equal-height-no e-con e-parent\" data-id=\"fb40343\" data-element_type=\"container\" data-e-type=\"container\" data-settings=\"{&quot;background_background&quot;:&quot;classic&quot;}\">\n\t\t\t\t\t<div class=\"e-con-inner\">\n\t\t\t\t<div class=\"elementor-element elementor-element-5e5c646 elementor-widget elementor-widget-heading\" data-id=\"5e5c646\" data-element_type=\"widget\" data-e-type=\"widget\" data-widget_type=\"heading.default\">\n\t\t\t\t<div class=\"elementor-widget-container\">\n\t\t\t\t\t<h1 class=\"elementor-heading-title elementor-size-default\">Online-Streitbeilegung<\/h1>\t\t\t\t<\/div>\n\t\t\t\t<\/div>\n\t\t\t\t\t<\/div>\n\t\t\t\t<\/div>\n\t\t<div class=\"elementor-element elementor-element-ac09d13 e-flex e-con-boxed wpr-particle-no wpr-jarallax-no wpr-parallax-no wpr-sticky-section-no wpr-equal-height-no e-con e-parent\" data-id=\"ac09d13\" data-element_type=\"container\" data-e-type=\"container\">\n\t\t\t\t\t<div class=\"e-con-inner\">\n\t\t\t\t<div class=\"elementor-element elementor-element-a23feb3 elementor-widget elementor-widget-text-editor\" data-id=\"a23feb3\" data-element_type=\"widget\" data-e-type=\"widget\" data-widget_type=\"text-editor.default\">\n\t\t\t\t<div class=\"elementor-widget-container\">\n\t\t\t\t\t\t\t\t\t<p>Hotel Neptuno stellt seinen Nutzern einen Link zur <strong>Online-Streitbeilegungsplattform<\/strong> zur Verf\u00fcgung. Dieser Link dient der Beilegung von Streitigkeiten oder Anspr\u00fcchen, die in Verbraucherangelegenheiten auftreten k\u00f6nnen. Um auf die <strong>Online-Streitbeilegungsplattform<\/strong> zuzugreifen, k\u00f6nnen Sie dies \u00fcber den folgenden Link tun: <a title=\"Plattform zur Online-Streitbeilegung\" href=\"https:\/\/ec.europa.eu\/consumers\/odr\" target=\"_blank\" rel=\"noopener\" data-custom-link=\"true\"><u>https:\/\/ec.europa.eu\/consumers\/odr<\/u><\/a>  <\/p>\n\t\t\t\t\t\t\t\t<\/div>\n\t\t\t\t<\/div>\n\t\t\t\t\t<\/div>\n\t\t\t\t<\/div>\n\t\t\t\t<\/div>\n\t\t","protected":false},"excerpt":{"rendered":"<p>Online-Streitbeilegung Hotel Neptuno stellt seinen Nutzern einen Link zur Online-Streitbeilegungsplattform zur Verf\u00fcgung. Dieser Link dient der Beilegung von Streitigkeiten oder Anspr\u00fcchen, die in Verbraucherangelegenheiten auftreten k\u00f6nnen. Um auf die Online-Streitbeilegungsplattform zuzugreifen, k\u00f6nnen Sie dies \u00fcber den folgenden Link tun: https:\/\/ec.europa.eu\/consumers\/odr<\/p>\n","protected":false},"author":1,"featured_media":0,"parent":0,"menu_order":0,"comment_status":"closed","ping_status":"closed","template":"","meta":{"_acf_changed":false,"site-sidebar-layout":"no-sidebar","site-content-layout":"","ast-site-content-layout":"full-width-container","site-content-style":"default","site-sidebar-style":"default","ast-global-header-display":"","ast-banner-title-visibility":"","ast-main-header-display":"","ast-hfb-above-header-display":"","ast-hfb-below-header-display":"","ast-hfb-mobile-header-display":"","site-post-title":"disabled","ast-breadcrumbs-content":"","ast-featured-img":"disabled","footer-sml-layout":"","ast-disable-related-posts":"","theme-transparent-header-meta":"","adv-header-id-meta":"","stick-header-meta":"","header-above-stick-meta":"","header-main-stick-meta":"","header-below-stick-meta":"","astra-migrate-meta-layouts":"default","ast-page-background-enabled":"default","ast-page-background-meta":{"desktop":{"background-color":"var(--ast-global-color-4)","background-image":"","background-repeat":"repeat","background-position":"center center","background-size":"auto","background-attachment":"scroll","background-type":"","background-media":"","overlay-type":"","overlay-color":"","overlay-opacity":"","overlay-gradient":""},"tablet":{"background-color":"","background-image":"","background-repeat":"repeat","background-position":"center center","background-size":"auto","background-attachment":"scroll","background-type":"","background-media":"","overlay-type":"","overlay-color":"","overlay-opacity":"","overlay-gradient":""},"mobile":{"background-color":"","background-image":"","background-repeat":"repeat","background-position":"center center","background-size":"auto","background-attachment":"scroll","background-type":"","background-media":"","overlay-type":"","overlay-color":"","overlay-opacity":"","overlay-gradient":""}},"ast-content-background-meta":{"desktop":{"background-color":"var(--ast-global-color-5)","background-image":"","background-repeat":"repeat","background-position":"center center","background-size":"auto","background-attachment":"scroll","background-type":"","background-media":"","overlay-type":"","overlay-color":"","overlay-opacity":"","overlay-gradient":""},"tablet":{"background-color":"var(--ast-global-color-5)","background-image":"","background-repeat":"repeat","background-position":"center center","background-size":"auto","background-attachment":"scroll","background-type":"","background-media":"","overlay-type":"","overlay-color":"","overlay-opacity":"","overlay-gradient":""},"mobile":{"background-color":"var(--ast-global-color-5)","background-image":"","background-repeat":"repeat","background-position":"center center","background-size":"auto","background-attachment":"scroll","background-type":"","background-media":"","overlay-type":"","overlay-color":"","overlay-opacity":"","overlay-gradient":""}},"footnotes":""},"class_list":["post-14527","page","type-page","status-publish","hentry"],"acf":[],"yoast_head":"<!-- This site is optimized with the Yoast SEO plugin v27.5 - https:\/\/yoast.com\/product\/yoast-seo-wordpress\/ -->\n<title>Wir sch\u00fctzen Ihre Rechte. Sehen Sie sich die Legal Resolution online an unter %Neptuno Hotel &amp; Spa%.<\/title>\n<meta name=\"description\" content=\"L\u00f6sen Sie Ihre rechtlichen Probleme mit unserer fachkundigen Hilfe - kontaktieren Sie uns jetzt, um Ihre Rechte zu sch\u00fctzen!\" \/>\n<meta name=\"robots\" content=\"index, follow, max-snippet:-1, max-image-preview:large, max-video-preview:-1\" \/>\n<link rel=\"canonical\" href=\"https:\/\/www.hotelneptuno.com\/de\/rechtliche-losung-online\/\" \/>\n<meta property=\"og:locale\" content=\"de_DE\" \/>\n<meta property=\"og:type\" content=\"article\" \/>\n<meta property=\"og:title\" content=\"Wir sch\u00fctzen Ihre Rechte. Sehen Sie sich die Legal Resolution online an unter %Neptuno Hotel &amp; Spa%.\" \/>\n<meta property=\"og:description\" content=\"L\u00f6sen Sie Ihre rechtlichen Probleme mit unserer fachkundigen Hilfe - kontaktieren Sie uns jetzt, um Ihre Rechte zu sch\u00fctzen!\" \/>\n<meta property=\"og:url\" content=\"https:\/\/www.hotelneptuno.com\/de\/rechtliche-losung-online\/\" \/>\n<meta property=\"og:site_name\" content=\"Neptuno Hotel &amp; Spa\" \/>\n<meta property=\"article:publisher\" content=\"https:\/\/www.facebook.com\/neptunohotelspacalella\/\" \/>\n<meta property=\"article:modified_time\" content=\"2025-12-17T17:24:49+00:00\" \/>\n<meta property=\"og:image\" content=\"https:\/\/www.hotelneptuno.com\/wp-content\/uploads\/2024\/06\/Lobby-hotel-121-1.jpg\" \/>\n\t<meta property=\"og:image:width\" content=\"1600\" \/>\n\t<meta property=\"og:image:height\" content=\"1067\" \/>\n\t<meta property=\"og:image:type\" content=\"image\/jpeg\" \/>\n<meta name=\"twitter:card\" content=\"summary_large_image\" \/>\n<script type=\"application\/ld+json\" class=\"yoast-schema-graph\">{\"@context\":\"https:\\\/\\\/schema.org\",\"@graph\":[{\"@type\":\"WebPage\",\"@id\":\"https:\\\/\\\/www.hotelneptuno.com\\\/de\\\/rechtliche-losung-online\\\/\",\"url\":\"https:\\\/\\\/www.hotelneptuno.com\\\/de\\\/rechtliche-losung-online\\\/\",\"name\":\"Wir sch\u00fctzen Ihre Rechte. Sehen Sie sich die Legal Resolution online an unter %Neptuno Hotel &amp; Spa%.\",\"isPartOf\":{\"@id\":\"https:\\\/\\\/www.hotelneptuno.com\\\/de\\\/#website\"},\"datePublished\":\"2024-03-11T10:19:54+00:00\",\"dateModified\":\"2025-12-17T17:24:49+00:00\",\"description\":\"L\u00f6sen Sie Ihre rechtlichen Probleme mit unserer fachkundigen Hilfe - kontaktieren Sie uns jetzt, um Ihre Rechte zu sch\u00fctzen!\",\"breadcrumb\":{\"@id\":\"https:\\\/\\\/www.hotelneptuno.com\\\/de\\\/rechtliche-losung-online\\\/#breadcrumb\"},\"inLanguage\":\"de\",\"potentialAction\":[{\"@type\":\"ReadAction\",\"target\":[\"https:\\\/\\\/www.hotelneptuno.com\\\/de\\\/rechtliche-losung-online\\\/\"]}]},{\"@type\":\"BreadcrumbList\",\"@id\":\"https:\\\/\\\/www.hotelneptuno.com\\\/de\\\/rechtliche-losung-online\\\/#breadcrumb\",\"itemListElement\":[{\"@type\":\"ListItem\",\"position\":1,\"name\":\"Portada\",\"item\":\"https:\\\/\\\/www.hotelneptuno.com\\\/de\\\/\"},{\"@type\":\"ListItem\",\"position\":2,\"name\":\"Online-Streitbeilegung\"}]},{\"@type\":\"WebSite\",\"@id\":\"https:\\\/\\\/www.hotelneptuno.com\\\/de\\\/#website\",\"url\":\"https:\\\/\\\/www.hotelneptuno.com\\\/de\\\/\",\"name\":\"Hotel Neptuno & Spa\",\"description\":\"Hotel Neptuno &amp; Spa en Calella, Barcelona\",\"publisher\":{\"@id\":\"https:\\\/\\\/www.hotelneptuno.com\\\/de\\\/#organization\"},\"alternateName\":\"Hotel Neptuno 4*\",\"potentialAction\":[{\"@type\":\"SearchAction\",\"target\":{\"@type\":\"EntryPoint\",\"urlTemplate\":\"https:\\\/\\\/www.hotelneptuno.com\\\/de\\\/?s={search_term_string}\"},\"query-input\":{\"@type\":\"PropertyValueSpecification\",\"valueRequired\":true,\"valueName\":\"search_term_string\"}}],\"inLanguage\":\"de\"},{\"@type\":\"Organization\",\"@id\":\"https:\\\/\\\/www.hotelneptuno.com\\\/de\\\/#organization\",\"name\":\"Neptuno Hotel & Spa\",\"alternateName\":\"Neptuno Hotel & Spa\",\"url\":\"https:\\\/\\\/www.hotelneptuno.com\\\/de\\\/\",\"logo\":{\"@type\":\"ImageObject\",\"inLanguage\":\"de\",\"@id\":\"https:\\\/\\\/www.hotelneptuno.com\\\/de\\\/#\\\/schema\\\/logo\\\/image\\\/\",\"url\":\"https:\\\/\\\/www.hotelneptuno.com\\\/wp-content\\\/uploads\\\/2024\\\/03\\\/logo.svg\",\"contentUrl\":\"https:\\\/\\\/www.hotelneptuno.com\\\/wp-content\\\/uploads\\\/2024\\\/03\\\/logo.svg\",\"width\":310,\"height\":128,\"caption\":\"Neptuno Hotel & Spa\"},\"image\":{\"@id\":\"https:\\\/\\\/www.hotelneptuno.com\\\/de\\\/#\\\/schema\\\/logo\\\/image\\\/\"},\"sameAs\":[\"https:\\\/\\\/www.facebook.com\\\/neptunohotelspacalella\\\/\",\"https:\\\/\\\/www.instagram.com\\\/neptunohotelspacalella\\\/\"]}]}<\/script>\n<!-- \/ Yoast SEO plugin. -->","yoast_head_json":{"title":"Wir sch\u00fctzen Ihre Rechte. Sehen Sie sich die Legal Resolution online an unter %Neptuno Hotel &amp; Spa%.","description":"L\u00f6sen Sie Ihre rechtlichen Probleme mit unserer fachkundigen Hilfe - kontaktieren Sie uns jetzt, um Ihre Rechte zu sch\u00fctzen!","robots":{"index":"index","follow":"follow","max-snippet":"max-snippet:-1","max-image-preview":"max-image-preview:large","max-video-preview":"max-video-preview:-1"},"canonical":"https:\/\/www.hotelneptuno.com\/de\/rechtliche-losung-online\/","og_locale":"de_DE","og_type":"article","og_title":"Wir sch\u00fctzen Ihre Rechte. Sehen Sie sich die Legal Resolution online an unter %Neptuno Hotel &amp; Spa%.","og_description":"L\u00f6sen Sie Ihre rechtlichen Probleme mit unserer fachkundigen Hilfe - kontaktieren Sie uns jetzt, um Ihre Rechte zu sch\u00fctzen!","og_url":"https:\/\/www.hotelneptuno.com\/de\/rechtliche-losung-online\/","og_site_name":"Neptuno Hotel &amp; Spa","article_publisher":"https:\/\/www.facebook.com\/neptunohotelspacalella\/","article_modified_time":"2025-12-17T17:24:49+00:00","og_image":[{"width":1600,"height":1067,"url":"https:\/\/www.hotelneptuno.com\/wp-content\/uploads\/2024\/06\/Lobby-hotel-121-1.jpg","type":"image\/jpeg"}],"twitter_card":"summary_large_image","schema":{"@context":"https:\/\/schema.org","@graph":[{"@type":"WebPage","@id":"https:\/\/www.hotelneptuno.com\/de\/rechtliche-losung-online\/","url":"https:\/\/www.hotelneptuno.com\/de\/rechtliche-losung-online\/","name":"Wir sch\u00fctzen Ihre Rechte. Sehen Sie sich die Legal Resolution online an unter %Neptuno Hotel &amp; Spa%.","isPartOf":{"@id":"https:\/\/www.hotelneptuno.com\/de\/#website"},"datePublished":"2024-03-11T10:19:54+00:00","dateModified":"2025-12-17T17:24:49+00:00","description":"L\u00f6sen Sie Ihre rechtlichen Probleme mit unserer fachkundigen Hilfe - kontaktieren Sie uns jetzt, um Ihre Rechte zu sch\u00fctzen!","breadcrumb":{"@id":"https:\/\/www.hotelneptuno.com\/de\/rechtliche-losung-online\/#breadcrumb"},"inLanguage":"de","potentialAction":[{"@type":"ReadAction","target":["https:\/\/www.hotelneptuno.com\/de\/rechtliche-losung-online\/"]}]},{"@type":"BreadcrumbList","@id":"https:\/\/www.hotelneptuno.com\/de\/rechtliche-losung-online\/#breadcrumb","itemListElement":[{"@type":"ListItem","position":1,"name":"Portada","item":"https:\/\/www.hotelneptuno.com\/de\/"},{"@type":"ListItem","position":2,"name":"Online-Streitbeilegung"}]},{"@type":"WebSite","@id":"https:\/\/www.hotelneptuno.com\/de\/#website","url":"https:\/\/www.hotelneptuno.com\/de\/","name":"Hotel Neptuno & Spa","description":"Hotel Neptuno &amp; Spa en Calella, Barcelona","publisher":{"@id":"https:\/\/www.hotelneptuno.com\/de\/#organization"},"alternateName":"Hotel Neptuno 4*","potentialAction":[{"@type":"SearchAction","target":{"@type":"EntryPoint","urlTemplate":"https:\/\/www.hotelneptuno.com\/de\/?s={search_term_string}"},"query-input":{"@type":"PropertyValueSpecification","valueRequired":true,"valueName":"search_term_string"}}],"inLanguage":"de"},{"@type":"Organization","@id":"https:\/\/www.hotelneptuno.com\/de\/#organization","name":"Neptuno Hotel & Spa","alternateName":"Neptuno Hotel & Spa","url":"https:\/\/www.hotelneptuno.com\/de\/","logo":{"@type":"ImageObject","inLanguage":"de","@id":"https:\/\/www.hotelneptuno.com\/de\/#\/schema\/logo\/image\/","url":"https:\/\/www.hotelneptuno.com\/wp-content\/uploads\/2024\/03\/logo.svg","contentUrl":"https:\/\/www.hotelneptuno.com\/wp-content\/uploads\/2024\/03\/logo.svg","width":310,"height":128,"caption":"Neptuno Hotel & Spa"},"image":{"@id":"https:\/\/www.hotelneptuno.com\/de\/#\/schema\/logo\/image\/"},"sameAs":["https:\/\/www.facebook.com\/neptunohotelspacalella\/","https:\/\/www.instagram.com\/neptunohotelspacalella\/"]}]}},"_links":{"self":[{"href":"https:\/\/www.hotelneptuno.com\/de\/wp-json\/wp\/v2\/pages\/14527","targetHints":{"allow":["GET"]}}],"collection":[{"href":"https:\/\/www.hotelneptuno.com\/de\/wp-json\/wp\/v2\/pages"}],"about":[{"href":"https:\/\/www.hotelneptuno.com\/de\/wp-json\/wp\/v2\/types\/page"}],"author":[{"embeddable":true,"href":"https:\/\/www.hotelneptuno.com\/de\/wp-json\/wp\/v2\/users\/1"}],"replies":[{"embeddable":true,"href":"https:\/\/www.hotelneptuno.com\/de\/wp-json\/wp\/v2\/comments?post=14527"}],"version-history":[{"count":0,"href":"https:\/\/www.hotelneptuno.com\/de\/wp-json\/wp\/v2\/pages\/14527\/revisions"}],"wp:attachment":[{"href":"https:\/\/www.hotelneptuno.com\/de\/wp-json\/wp\/v2\/media?parent=14527"}],"curies":[{"name":"wp","href":"https:\/\/api.w.org\/{rel}","templated":true}]}}