{"id":12834,"date":"2024-03-11T11:21:51","date_gmt":"2024-03-11T10:21:51","guid":{"rendered":"https:\/\/hotelneptuno.com\/politica-de-cookies-2\/"},"modified":"2025-12-17T18:26:58","modified_gmt":"2025-12-17T17:26:58","slug":"politica-de-cookies-2","status":"publish","type":"page","link":"https:\/\/www.hotelneptuno.com\/ca\/politica-de-cookies-2\/","title":{"rendered":"Pol\u00edtica de Cookies"},"content":{"rendered":"\t\t<div data-elementor-type=\"wp-page\" data-elementor-id=\"12834\" class=\"elementor elementor-12834 elementor-14618\" data-elementor-post-type=\"page\">\n\t\t\t\t<div class=\"elementor-element elementor-element-fb40343 e-flex e-con-boxed wpr-particle-no wpr-jarallax-no wpr-parallax-no wpr-sticky-section-no wpr-equal-height-no e-con e-parent\" data-id=\"fb40343\" data-element_type=\"container\" data-e-type=\"container\" data-settings=\"{&quot;background_background&quot;:&quot;classic&quot;}\">\n\t\t\t\t\t<div class=\"e-con-inner\">\n\t\t\t\t<div class=\"elementor-element elementor-element-5e5c646 elementor-widget elementor-widget-heading\" data-id=\"5e5c646\" data-element_type=\"widget\" data-e-type=\"widget\" data-widget_type=\"heading.default\">\n\t\t\t\t<div class=\"elementor-widget-container\">\n\t\t\t\t\t<h1 class=\"elementor-heading-title elementor-size-default\">Pol\u00edtica de cookies<\/h1>\t\t\t\t<\/div>\n\t\t\t\t<\/div>\n\t\t\t\t\t<\/div>\n\t\t\t\t<\/div>\n\t\t<div class=\"elementor-element elementor-element-ac09d13 e-flex e-con-boxed wpr-particle-no wpr-jarallax-no wpr-parallax-no wpr-sticky-section-no wpr-equal-height-no e-con e-parent\" data-id=\"ac09d13\" data-element_type=\"container\" data-e-type=\"container\">\n\t\t\t\t\t<div class=\"e-con-inner\">\n\t\t\t\t<div class=\"elementor-element elementor-element-a23feb3 elementor-widget elementor-widget-text-editor\" data-id=\"a23feb3\" data-element_type=\"widget\" data-e-type=\"widget\" data-widget_type=\"text-editor.default\">\n\t\t\t\t<div class=\"elementor-widget-container\">\n\t\t\t\t\t\t\t\t\t<p><strong>1. Per qu\u00e8 utilitzem Cookies?<\/strong><\/p><p>Les galetes s\u00f3n petits arxius de dades que s&#8217;emmagatzemen al dispositiu quan visita un lloc web. Aquests fitxers permeten recordar la vostra activitat i prefer\u00e8ncies (com l&#8217;idioma seleccionat o les dades d&#8217;acc\u00e9s) per millorar la vostra experi\u00e8ncia de navegaci\u00f3. Les cookies poden contenir informaci\u00f3 que, encara que no necess\u00e0riament us identifica directament, pot ser considerada com a dades personals.  <\/p><p><strong>2. Per qu\u00e8 utilitzem Cookies?<\/strong><\/p><p>A MALBA NEPTUNO, SL utilitzem cookies per:<\/p><ul><li>Galetes T\u00e8cniques i Funcionals: Permeten el funcionament b\u00e0sic del lloc web i s\u00f3n necess\u00e0ries per al seu \u00fas adequat.<\/li><li>Galetes de Personalitzaci\u00f3: Adapten l&#8217;experi\u00e8ncia de l&#8217;usuari en recordar prefer\u00e8ncies com ara l&#8217;idioma i la configuraci\u00f3 regional.<\/li><li>Galetes de Personalitzaci\u00f3: Adapten l&#8217;experi\u00e8ncia de l&#8217;usuari en recordar prefer\u00e8ncies com ara l&#8217;idioma i la configuraci\u00f3 regional.<\/li><li>Galetes Publicit\u00e0ries: Gestionen els espais publicitaris i personalitzen la publicitat segons els h\u00e0bits de navegaci\u00f3 de l&#8217;usuari.<\/li><\/ul><p>Cookies de Tercers: El nostre lloc web pot incloure cookies de tercers, com ara xarxes socials (Facebook, Twitter) o serveis anal\u00edtics (Google Analytics). Per a m\u00e9s informaci\u00f3 sobre aquestes galetes, recomanem revisar les seves pol\u00edtiques de privadesa. <\/p><p><strong>3. Consentiment per a l&#8217;\u00das de Cookies<\/strong><\/p><p>Per utilitzar cookies que no siguin estrictament necess\u00e0ries, necessitem el vostre consentiment expl\u00edcit. Podeu gestionar les vostres prefer\u00e8ncies de cookies a trav\u00e9s del banner de cookies en accedir al nostre lloc web, on podeu acceptar, rebutjar o configurar les cookies que vulgueu permetre. <\/p><p><strong>4. Configuraci\u00f3 i Eliminaci\u00f3 de Cookies<\/strong><\/p><p>Podeu modificar la configuraci\u00f3 de les cookies o eliminar-les en qualsevol moment a trav\u00e9s de la configuraci\u00f3 del vostre navegador. Aqu\u00ed teniu enlla\u00e7os a les instruccions per gestionar cookies als navegadors m\u00e9s comuns: <\/p><ul><li><a href=\"https:\/\/support.microsoft.com\/es-es\/windows\/administrar-cookies-en-microsoft-edge-ver-permitir-bloquear-eliminar-y-usar-168dab11-0753-043d-7c16-ede5947fc64d\">Edge<\/a><\/li><li><a href=\"https:\/\/support.mozilla.org\/es\/kb\/cookies-informacion-que-los-sitios-web-guardan-en-#w_configurar-las-cookies\">Firefox<\/a><\/li><li><a href=\"https:\/\/support.google.com\/chrome\/answer\/95647?hl=es&amp;co=GENIE.Platform%3DDesktop\">Google Chrome<\/a><\/li><li><a href=\"https:\/\/support.apple.com\/ca-es\/guide\/safari\/sfri11471\/mac\">Safari<\/a><\/li><\/ul><p>Tingueu en compte que, en rebutjar les cookies, algunes funcions del lloc web podrien no estar disponibles o no funcionar correctament.<\/p><p><strong>5. M\u00e9s Informaci\u00f3<\/strong><\/p><p>Per a m\u00e9s detalls sobre les galetes i com gestionar-les, podeu visitar www.allaboutcookies.org o www.youronlinechoices.eu.<\/p><p><em>Actualitzat a data 21\/09\/2024<\/em><\/p>\t\t\t\t\t\t\t\t<\/div>\n\t\t\t\t<\/div>\n\t\t\t\t\t<\/div>\n\t\t\t\t<\/div>\n\t\t\t\t<\/div>\n\t\t","protected":false},"excerpt":{"rendered":"<p>Pol\u00edtica de cookies 1. Per qu\u00e8 utilitzem Cookies? Les galetes s\u00f3n petits arxius de dades que s&#8217;emmagatzemen al dispositiu quan visita un lloc web. Aquests fitxers permeten recordar la vostra activitat i prefer\u00e8ncies (com l&#8217;idioma seleccionat o les dades d&#8217;acc\u00e9s) per millorar la vostra experi\u00e8ncia de navegaci\u00f3. Les cookies poden contenir informaci\u00f3 que, encara que no necess\u00e0riament us identifica directament, pot ser considerada com a dades personals. 2. Per qu\u00e8 utilitzem Cookies? A MALBA NEPTUNO, SL utilitzem cookies per: Galetes T\u00e8cniques i Funcionals: Permeten el funcionament b\u00e0sic del lloc web i s\u00f3n necess\u00e0ries per al seu \u00fas adequat. Galetes de Personalitzaci\u00f3: Adapten l&#8217;experi\u00e8ncia de l&#8217;usuari en recordar prefer\u00e8ncies com ara l&#8217;idioma i la configuraci\u00f3 regional. Galetes de Personalitzaci\u00f3: Adapten l&#8217;experi\u00e8ncia de l&#8217;usuari en recordar prefer\u00e8ncies com ara l&#8217;idioma i la configuraci\u00f3 regional. Galetes Publicit\u00e0ries: Gestionen els espais publicitaris i personalitzen la publicitat segons els h\u00e0bits de navegaci\u00f3 de l&#8217;usuari. Cookies de Tercers: El nostre lloc web pot incloure cookies de tercers, com ara xarxes socials (Facebook, Twitter) o serveis anal\u00edtics (Google Analytics). Per a m\u00e9s informaci\u00f3 sobre aquestes galetes, recomanem revisar les seves pol\u00edtiques de privadesa. 3. Consentiment per a l&#8217;\u00das de Cookies Per utilitzar cookies que no siguin estrictament necess\u00e0ries, necessitem el vostre consentiment expl\u00edcit. Podeu gestionar les vostres prefer\u00e8ncies de cookies a trav\u00e9s del banner de cookies en accedir al nostre lloc web, on podeu acceptar, rebutjar o configurar les cookies que vulgueu permetre. 4. Configuraci\u00f3 i Eliminaci\u00f3 de Cookies Podeu modificar la configuraci\u00f3 de les cookies o eliminar-les en qualsevol moment a trav\u00e9s de la configuraci\u00f3 del vostre navegador. Aqu\u00ed teniu enlla\u00e7os a les instruccions per gestionar cookies als navegadors m\u00e9s comuns: Edge Firefox Google Chrome Safari Tingueu en compte que, en rebutjar les cookies, algunes funcions del lloc web podrien no estar disponibles o no funcionar correctament. 5. M\u00e9s Informaci\u00f3 Per a m\u00e9s detalls sobre les galetes i com gestionar-les, podeu visitar www.allaboutcookies.org o www.youronlinechoices.eu. Actualitzat a data 21\/09\/2024<\/p>\n","protected":false},"author":1,"featured_media":0,"parent":0,"menu_order":0,"comment_status":"closed","ping_status":"closed","template":"","meta":{"_acf_changed":false,"site-sidebar-layout":"no-sidebar","site-content-layout":"","ast-site-content-layout":"full-width-container","site-content-style":"default","site-sidebar-style":"default","ast-global-header-display":"","ast-banner-title-visibility":"","ast-main-header-display":"","ast-hfb-above-header-display":"","ast-hfb-below-header-display":"","ast-hfb-mobile-header-display":"","site-post-title":"disabled","ast-breadcrumbs-content":"","ast-featured-img":"disabled","footer-sml-layout":"","ast-disable-related-posts":"","theme-transparent-header-meta":"","adv-header-id-meta":"","stick-header-meta":"","header-above-stick-meta":"","header-main-stick-meta":"","header-below-stick-meta":"","astra-migrate-meta-layouts":"default","ast-page-background-enabled":"default","ast-page-background-meta":{"desktop":{"background-color":"var(--ast-global-color-4)","background-image":"","background-repeat":"repeat","background-position":"center center","background-size":"auto","background-attachment":"scroll","background-type":"","background-media":"","overlay-type":"","overlay-color":"","overlay-opacity":"","overlay-gradient":""},"tablet":{"background-color":"","background-image":"","background-repeat":"repeat","background-position":"center center","background-size":"auto","background-attachment":"scroll","background-type":"","background-media":"","overlay-type":"","overlay-color":"","overlay-opacity":"","overlay-gradient":""},"mobile":{"background-color":"","background-image":"","background-repeat":"repeat","background-position":"center center","background-size":"auto","background-attachment":"scroll","background-type":"","background-media":"","overlay-type":"","overlay-color":"","overlay-opacity":"","overlay-gradient":""}},"ast-content-background-meta":{"desktop":{"background-color":"var(--ast-global-color-5)","background-image":"","background-repeat":"repeat","background-position":"center center","background-size":"auto","background-attachment":"scroll","background-type":"","background-media":"","overlay-type":"","overlay-color":"","overlay-opacity":"","overlay-gradient":""},"tablet":{"background-color":"var(--ast-global-color-5)","background-image":"","background-repeat":"repeat","background-position":"center center","background-size":"auto","background-attachment":"scroll","background-type":"","background-media":"","overlay-type":"","overlay-color":"","overlay-opacity":"","overlay-gradient":""},"mobile":{"background-color":"var(--ast-global-color-5)","background-image":"","background-repeat":"repeat","background-position":"center center","background-size":"auto","background-attachment":"scroll","background-type":"","background-media":"","overlay-type":"","overlay-color":"","overlay-opacity":"","overlay-gradient":""}},"footnotes":""},"class_list":["post-12834","page","type-page","status-publish","hentry"],"acf":[],"yoast_head":"<!-- This site is optimized with the Yoast SEO plugin v27.5 - https:\/\/yoast.com\/product\/yoast-seo-wordpress\/ -->\n<title>Consulta la Pol\u00edtica de galetes de Neptuno Hotel &amp; Spa<\/title>\n<meta name=\"description\" content=\"Consulta la pol\u00edtica de cookies de Neptuno Hotel &amp; Spa a Calella per garantir el compliment legal i protegir la teva privadesa mentre navegues.\" \/>\n<meta name=\"robots\" content=\"index, follow, max-snippet:-1, max-image-preview:large, max-video-preview:-1\" \/>\n<link rel=\"canonical\" href=\"https:\/\/www.hotelneptuno.com\/ca\/politica-de-cookies-2\/\" \/>\n<meta property=\"og:locale\" content=\"ca_ES\" \/>\n<meta property=\"og:type\" content=\"article\" \/>\n<meta property=\"og:title\" content=\"Consulta la Pol\u00edtica de galetes de Neptuno Hotel &amp; Spa\" \/>\n<meta property=\"og:description\" content=\"Consulta la pol\u00edtica de cookies de Neptuno Hotel &amp; Spa a Calella per garantir el compliment legal i protegir la teva privadesa mentre navegues.\" \/>\n<meta property=\"og:url\" content=\"https:\/\/www.hotelneptuno.com\/ca\/politica-de-cookies-2\/\" \/>\n<meta property=\"og:site_name\" content=\"Neptuno Hotel &amp; Spa\" \/>\n<meta property=\"article:publisher\" content=\"https:\/\/www.facebook.com\/neptunohotelspacalella\/\" \/>\n<meta property=\"article:modified_time\" content=\"2025-12-17T17:26:58+00:00\" \/>\n<meta property=\"og:image\" content=\"https:\/\/www.hotelneptuno.com\/wp-content\/uploads\/2024\/06\/Lobby-hotel-121-1.jpg\" \/>\n\t<meta property=\"og:image:width\" content=\"1600\" \/>\n\t<meta property=\"og:image:height\" content=\"1067\" \/>\n\t<meta property=\"og:image:type\" content=\"image\/jpeg\" \/>\n<meta name=\"twitter:card\" content=\"summary_large_image\" \/>\n<meta name=\"twitter:label1\" content=\"Temps estimat de lectura\" \/>\n\t<meta name=\"twitter:data1\" content=\"2 minuts\" \/>\n<script type=\"application\/ld+json\" class=\"yoast-schema-graph\">{\"@context\":\"https:\\\/\\\/schema.org\",\"@graph\":[{\"@type\":\"WebPage\",\"@id\":\"https:\\\/\\\/www.hotelneptuno.com\\\/ca\\\/politica-de-cookies-2\\\/\",\"url\":\"https:\\\/\\\/www.hotelneptuno.com\\\/ca\\\/politica-de-cookies-2\\\/\",\"name\":\"Consulta la Pol\u00edtica de galetes de Neptuno Hotel &amp; Spa\",\"isPartOf\":{\"@id\":\"https:\\\/\\\/www.hotelneptuno.com\\\/ca\\\/#website\"},\"datePublished\":\"2024-03-11T10:21:51+00:00\",\"dateModified\":\"2025-12-17T17:26:58+00:00\",\"description\":\"Consulta la pol\u00edtica de cookies de Neptuno Hotel & Spa a Calella per garantir el compliment legal i protegir la teva privadesa mentre navegues.\",\"breadcrumb\":{\"@id\":\"https:\\\/\\\/www.hotelneptuno.com\\\/ca\\\/politica-de-cookies-2\\\/#breadcrumb\"},\"inLanguage\":\"ca\",\"potentialAction\":[{\"@type\":\"ReadAction\",\"target\":[\"https:\\\/\\\/www.hotelneptuno.com\\\/ca\\\/politica-de-cookies-2\\\/\"]}]},{\"@type\":\"BreadcrumbList\",\"@id\":\"https:\\\/\\\/www.hotelneptuno.com\\\/ca\\\/politica-de-cookies-2\\\/#breadcrumb\",\"itemListElement\":[{\"@type\":\"ListItem\",\"position\":1,\"name\":\"Portada\",\"item\":\"https:\\\/\\\/www.hotelneptuno.com\\\/ca\\\/\"},{\"@type\":\"ListItem\",\"position\":2,\"name\":\"Pol\u00edtica de Cookies\"}]},{\"@type\":\"WebSite\",\"@id\":\"https:\\\/\\\/www.hotelneptuno.com\\\/ca\\\/#website\",\"url\":\"https:\\\/\\\/www.hotelneptuno.com\\\/ca\\\/\",\"name\":\"Hotel Neptuno & Spa\",\"description\":\"Hotel Neptuno Calella Barcelona\",\"publisher\":{\"@id\":\"https:\\\/\\\/www.hotelneptuno.com\\\/ca\\\/#organization\"},\"alternateName\":\"Hotel Neptuno 4*\",\"potentialAction\":[{\"@type\":\"SearchAction\",\"target\":{\"@type\":\"EntryPoint\",\"urlTemplate\":\"https:\\\/\\\/www.hotelneptuno.com\\\/ca\\\/?s={search_term_string}\"},\"query-input\":{\"@type\":\"PropertyValueSpecification\",\"valueRequired\":true,\"valueName\":\"search_term_string\"}}],\"inLanguage\":\"ca\"},{\"@type\":\"Organization\",\"@id\":\"https:\\\/\\\/www.hotelneptuno.com\\\/ca\\\/#organization\",\"name\":\"Neptuno Hotel & Spa\",\"alternateName\":\"Neptuno Hotel & Spa\",\"url\":\"https:\\\/\\\/www.hotelneptuno.com\\\/ca\\\/\",\"logo\":{\"@type\":\"ImageObject\",\"inLanguage\":\"ca\",\"@id\":\"https:\\\/\\\/www.hotelneptuno.com\\\/ca\\\/#\\\/schema\\\/logo\\\/image\\\/\",\"url\":\"https:\\\/\\\/www.hotelneptuno.com\\\/wp-content\\\/uploads\\\/2024\\\/03\\\/logo.svg\",\"contentUrl\":\"https:\\\/\\\/www.hotelneptuno.com\\\/wp-content\\\/uploads\\\/2024\\\/03\\\/logo.svg\",\"width\":310,\"height\":128,\"caption\":\"Neptuno Hotel & Spa\"},\"image\":{\"@id\":\"https:\\\/\\\/www.hotelneptuno.com\\\/ca\\\/#\\\/schema\\\/logo\\\/image\\\/\"},\"sameAs\":[\"https:\\\/\\\/www.facebook.com\\\/neptunohotelspacalella\\\/\",\"https:\\\/\\\/www.instagram.com\\\/neptunohotelspacalella\\\/\"]}]}<\/script>\n<!-- \/ Yoast SEO plugin. -->","yoast_head_json":{"title":"Consulta la Pol\u00edtica de galetes de Neptuno Hotel &amp; Spa","description":"Consulta la pol\u00edtica de cookies de Neptuno Hotel & Spa a Calella per garantir el compliment legal i protegir la teva privadesa mentre navegues.","robots":{"index":"index","follow":"follow","max-snippet":"max-snippet:-1","max-image-preview":"max-image-preview:large","max-video-preview":"max-video-preview:-1"},"canonical":"https:\/\/www.hotelneptuno.com\/ca\/politica-de-cookies-2\/","og_locale":"ca_ES","og_type":"article","og_title":"Consulta la Pol\u00edtica de galetes de Neptuno Hotel &amp; Spa","og_description":"Consulta la pol\u00edtica de cookies de Neptuno Hotel & Spa a Calella per garantir el compliment legal i protegir la teva privadesa mentre navegues.","og_url":"https:\/\/www.hotelneptuno.com\/ca\/politica-de-cookies-2\/","og_site_name":"Neptuno Hotel &amp; Spa","article_publisher":"https:\/\/www.facebook.com\/neptunohotelspacalella\/","article_modified_time":"2025-12-17T17:26:58+00:00","og_image":[{"width":1600,"height":1067,"url":"https:\/\/www.hotelneptuno.com\/wp-content\/uploads\/2024\/06\/Lobby-hotel-121-1.jpg","type":"image\/jpeg"}],"twitter_card":"summary_large_image","twitter_misc":{"Temps estimat de lectura":"2 minuts"},"schema":{"@context":"https:\/\/schema.org","@graph":[{"@type":"WebPage","@id":"https:\/\/www.hotelneptuno.com\/ca\/politica-de-cookies-2\/","url":"https:\/\/www.hotelneptuno.com\/ca\/politica-de-cookies-2\/","name":"Consulta la Pol\u00edtica de galetes de Neptuno Hotel &amp; Spa","isPartOf":{"@id":"https:\/\/www.hotelneptuno.com\/ca\/#website"},"datePublished":"2024-03-11T10:21:51+00:00","dateModified":"2025-12-17T17:26:58+00:00","description":"Consulta la pol\u00edtica de cookies de Neptuno Hotel & Spa a Calella per garantir el compliment legal i protegir la teva privadesa mentre navegues.","breadcrumb":{"@id":"https:\/\/www.hotelneptuno.com\/ca\/politica-de-cookies-2\/#breadcrumb"},"inLanguage":"ca","potentialAction":[{"@type":"ReadAction","target":["https:\/\/www.hotelneptuno.com\/ca\/politica-de-cookies-2\/"]}]},{"@type":"BreadcrumbList","@id":"https:\/\/www.hotelneptuno.com\/ca\/politica-de-cookies-2\/#breadcrumb","itemListElement":[{"@type":"ListItem","position":1,"name":"Portada","item":"https:\/\/www.hotelneptuno.com\/ca\/"},{"@type":"ListItem","position":2,"name":"Pol\u00edtica de Cookies"}]},{"@type":"WebSite","@id":"https:\/\/www.hotelneptuno.com\/ca\/#website","url":"https:\/\/www.hotelneptuno.com\/ca\/","name":"Hotel Neptuno & Spa","description":"Hotel Neptuno Calella Barcelona","publisher":{"@id":"https:\/\/www.hotelneptuno.com\/ca\/#organization"},"alternateName":"Hotel Neptuno 4*","potentialAction":[{"@type":"SearchAction","target":{"@type":"EntryPoint","urlTemplate":"https:\/\/www.hotelneptuno.com\/ca\/?s={search_term_string}"},"query-input":{"@type":"PropertyValueSpecification","valueRequired":true,"valueName":"search_term_string"}}],"inLanguage":"ca"},{"@type":"Organization","@id":"https:\/\/www.hotelneptuno.com\/ca\/#organization","name":"Neptuno Hotel & Spa","alternateName":"Neptuno Hotel & Spa","url":"https:\/\/www.hotelneptuno.com\/ca\/","logo":{"@type":"ImageObject","inLanguage":"ca","@id":"https:\/\/www.hotelneptuno.com\/ca\/#\/schema\/logo\/image\/","url":"https:\/\/www.hotelneptuno.com\/wp-content\/uploads\/2024\/03\/logo.svg","contentUrl":"https:\/\/www.hotelneptuno.com\/wp-content\/uploads\/2024\/03\/logo.svg","width":310,"height":128,"caption":"Neptuno Hotel & Spa"},"image":{"@id":"https:\/\/www.hotelneptuno.com\/ca\/#\/schema\/logo\/image\/"},"sameAs":["https:\/\/www.facebook.com\/neptunohotelspacalella\/","https:\/\/www.instagram.com\/neptunohotelspacalella\/"]}]}},"_links":{"self":[{"href":"https:\/\/www.hotelneptuno.com\/ca\/wp-json\/wp\/v2\/pages\/12834","targetHints":{"allow":["GET"]}}],"collection":[{"href":"https:\/\/www.hotelneptuno.com\/ca\/wp-json\/wp\/v2\/pages"}],"about":[{"href":"https:\/\/www.hotelneptuno.com\/ca\/wp-json\/wp\/v2\/types\/page"}],"author":[{"embeddable":true,"href":"https:\/\/www.hotelneptuno.com\/ca\/wp-json\/wp\/v2\/users\/1"}],"replies":[{"embeddable":true,"href":"https:\/\/www.hotelneptuno.com\/ca\/wp-json\/wp\/v2\/comments?post=12834"}],"version-history":[{"count":0,"href":"https:\/\/www.hotelneptuno.com\/ca\/wp-json\/wp\/v2\/pages\/12834\/revisions"}],"wp:attachment":[{"href":"https:\/\/www.hotelneptuno.com\/ca\/wp-json\/wp\/v2\/media?parent=12834"}],"curies":[{"name":"wp","href":"https:\/\/api.w.org\/{rel}","templated":true}]}}