{"id":12833,"date":"2024-03-11T11:25:43","date_gmt":"2024-03-11T10:25:43","guid":{"rendered":"https:\/\/hotelneptuno.com\/politica-de-privacitat\/"},"modified":"2025-12-17T18:25:00","modified_gmt":"2025-12-17T17:25:00","slug":"politica-de-privacitat","status":"publish","type":"page","link":"https:\/\/www.hotelneptuno.com\/ca\/politica-de-privacitat\/","title":{"rendered":"Pol\u00edtica de Privadesa"},"content":{"rendered":"\t\t<div data-elementor-type=\"wp-page\" data-elementor-id=\"12833\" class=\"elementor elementor-12833 elementor-14609\" data-elementor-post-type=\"page\">\n\t\t\t\t<div class=\"elementor-element elementor-element-fb40343 e-flex e-con-boxed wpr-particle-no wpr-jarallax-no wpr-parallax-no wpr-sticky-section-no wpr-equal-height-no e-con e-parent\" data-id=\"fb40343\" data-element_type=\"container\" data-e-type=\"container\" data-settings=\"{&quot;background_background&quot;:&quot;classic&quot;}\">\n\t\t\t\t\t<div class=\"e-con-inner\">\n\t\t\t\t<div class=\"elementor-element elementor-element-5e5c646 elementor-widget elementor-widget-heading\" data-id=\"5e5c646\" data-element_type=\"widget\" data-e-type=\"widget\" data-widget_type=\"heading.default\">\n\t\t\t\t<div class=\"elementor-widget-container\">\n\t\t\t\t\t<h1 class=\"elementor-heading-title elementor-size-default\">Pol\u00edtica de privadesa<\/h1>\t\t\t\t<\/div>\n\t\t\t\t<\/div>\n\t\t\t\t\t<\/div>\n\t\t\t\t<\/div>\n\t\t<div class=\"elementor-element elementor-element-ac09d13 e-flex e-con-boxed wpr-particle-no wpr-jarallax-no wpr-parallax-no wpr-sticky-section-no wpr-equal-height-no e-con e-parent\" data-id=\"ac09d13\" data-element_type=\"container\" data-e-type=\"container\">\n\t\t\t\t\t<div class=\"e-con-inner\">\n\t\t\t\t<div class=\"elementor-element elementor-element-a23feb3 elementor-widget elementor-widget-text-editor\" data-id=\"a23feb3\" data-element_type=\"widget\" data-e-type=\"widget\" data-widget_type=\"text-editor.default\">\n\t\t\t\t<div class=\"elementor-widget-container\">\n\t\t\t\t\t\t\t\t\t<p><strong>Responsable del Tractament<\/strong><\/p><p>En compliment del Reglament (UE) 2016\/679 del Parlament Europeu i del Consell de 27 d&#8217;abril de 2016 (Reglament General de Protecci\u00f3 de Dades &#8211; RGPD) i la Llei Org\u00e0nica 3\/2018, de Protecci\u00f3 de Dades Personals i garantia dels drets digitals (LOPDGDD), us informem que el responsable del tractament B66393364, inscrita al Registre Mercantil de Barcelona, \u200b\u200bamb domicili social a Carrer Sant Josep 82, 08370 Calella, Barcelona. Podeu contactar-nos a lopd@hotelneptuno.com. <\/p><p><strong>Finalitats del Tractament<\/strong><\/p><p>Les dades personals que recaptem es tractaran per a les seg\u00fcents finalitats segons el context de recollida:<\/p><ul><li>Atenci\u00f3 al Client \/ Contacte: Per respondre a les vostres consultes, sol\u00b7licituds i prestar els serveis sol\u00b7licitats.<\/li><li>Subscripci\u00f3 al Newsletter: Per gestionar l&#8217;enviament d&#8217;informaci\u00f3 comercial sobre els nostres productes i serveis a trav\u00e9s de correu ordinari, correu electr\u00f2nic, o SMS.<\/li><li>Reserves: Per gestionar i processar les reserves realitzades.<\/li><li>Estad\u00edstiques Internes: Les dades poden ser utilitzades per a l&#8217;elaboraci\u00f3 d&#8217;estad\u00edstiques internes que ens permetin millorar els nostres serveis.<\/li><li>Prestaci\u00f3 de Serveis durant l&#8217;Estada: A les nostres instal\u00b7lacions, les dades s&#8217;utilitzaran per gestionar i prestar els serveis sol\u00b7licitats, com ara excursions, spa, wellness, entre d&#8217;altres.<\/li><\/ul><p><strong>Termini de conservaci\u00f3<\/strong><\/p><p>Les dades personals es conservaran mentre duri la relaci\u00f3 contractual. Un cop finalitzada, es bloquejaran i es conservaran \u00fanicament durant el termini legalment establert per atendre possibles reclamacions. Finalitzat aquest per\u00edode, se suprimiran definitivament. Les dades per a l&#8217;enviament d&#8217;informaci\u00f3 comercial es conservaran mentre no sol\u00b7liciteu la supressi\u00f3.   <\/p><p><strong>Legitimaci\u00f3 del Tractament<\/strong><\/p><p>La base legal per al tractament de les vostres dades \u00e9s l&#8217;execuci\u00f3 d&#8217;un contracte i el compliment de les obligacions legals derivades dels serveis contractats. Per a les altres finalitats, el tractament es basa en el consentiment, que podr\u00e0 retirar en qualsevol moment sense afectar la licitud del tractament previ. <\/p><p><strong>Protecci\u00f3 de Menors<\/strong><\/p><p>Els menors de 14 anys no poden consentir el tractament de les dades; nom\u00e9s els seus pares o tutors poden fer-ho en nom seu.<\/p><p><strong>Mesures de Seguretat i Confidencialitat<\/strong><\/p><p>MALBA NEPTUNO, SL ha implementat mesures t\u00e8cniques i organitzatives adequades per protegir les vostres dades personals, de conformitat amb el RGPD, la LOPDGDD i la normativa aplicable en mat\u00e8ria de serveis de la societat de la informaci\u00f3 i telecomunicacions. Ens comprometem a mantenir la confidencialitat de les vostres dades fins i tot despr\u00e9s de finalitzar la relaci\u00f3 contractual. <\/p><p><strong>Cessi\u00f3 de Dades a Tercers<\/strong><\/p><p>Les vostres dades no se cediran a tercers excepte obligaci\u00f3 legal o quan sigui necessari per a la prestaci\u00f3 dels serveis contractats. En aplicaci\u00f3 de la normativa vigent, les dades dels hostes seran comunicades a les Forces i Cossos de Seguretat de l&#8217;Estat en fer el registre a l&#8217;hotel. <\/p><p><strong>Categories de Dades Tractades<\/strong><\/p><p>Les dades tractades inclouen dades identificatives (nom, cognoms, DNI\/passaport, tel\u00e8fon, adre\u00e7a, email) i dades financeres (targeta de cr\u00e8dit\/d\u00e8bit).<\/p><p><strong>Transfer\u00e8ncies Internacionals de Dades<\/strong><\/p><p>No es realitzaran transfer\u00e8ncies internacionals de les vostres dades.<\/p><p><strong>Consentiment i Actualitzaci\u00f3 de Dades<\/strong><\/p><p>Llevat que ens comuniqueu el contrari, considerarem que les vostres dades no han canviat i que consenteix el seu \u00fas per als fins esmentats. L&#8217;enviament de les vostres dades mitjan\u00e7ant els formularis de la nostra web implica l&#8217;acceptaci\u00f3 d&#8217;aquesta pol\u00edtica de privadesa, confirmada mitjan\u00e7ant el marcatge de la casella d&#8217;acceptaci\u00f3 pr\u00e8viament a l&#8217;enviament de les vostres dades. <\/p><p><strong>Drets de l&#8217;usuari<\/strong><\/p><p>Teniu dret a accedir, rectificar, suprimir, oposar-vos, limitar el tractament i sol\u00b7licitar la portabilitat de les vostres dades. Podeu exercir aquests drets enviant una sol\u00b7licitud a lopd@hotelneptuno.com. A la sol\u00b7licitud, s&#8217;han de proporcionar els detalls suficients per identificar-ne el cas, i nom\u00e9s en casos de dubte raonable sobre la seva identitat, podr\u00edem sol\u00b7licitar informaci\u00f3 addicional per verificar-la.    <br>A m\u00e9s, podeu adre\u00e7ar-vos al web de l&#8217;Ag\u00e8ncia Espanyola de Protecci\u00f3 de Dades (www.aepd.es) per obtenir formularis normalitzats que us ajudaran en l&#8217;exercici dels vostres drets. L&#8217;empresa respondr\u00e0 a la vostra sol\u00b7licitud en el termini legalment establert. <\/p><p><strong>Delegat de Protecci\u00f3 de Dades (DPD)<\/strong><\/p><p>En cas que vulgueu presentar una reclamaci\u00f3 relacionada amb el tractament de les vostres dades personals, podeu adre\u00e7ar-vos al Delegat de Protecci\u00f3 de Dades de MALBA NEPTUNO, SL enviant un correu electr\u00f2nic a dpd@hotelneptuno.com. El DPD est\u00e0 disponible per atendre qualsevol consulta, reclamaci\u00f3 o sol\u00b7licitud d&#8217;informaci\u00f3 addicional sobre el tractament de les vostres dades personals. <\/p><p><strong>Reclamacions davant de l&#8217;Autoritat de Control<\/strong><\/p><p>De la mateixa manera, si considereu que els vostres drets no han estat adequadament atesos o que s&#8217;ha produ\u00eft una infracci\u00f3 en el tractament de les vostres dades personals, teniu dret a presentar una reclamaci\u00f3 davant l&#8217;Ag\u00e8ncia Espanyola de Protecci\u00f3 de Dades (AEPD). Podeu obtenir m\u00e9s informaci\u00f3 sobre com fer-ho visitant el vostre lloc web oficial a www.aepd.es. <\/p><p><em>Actualitzat a data 21\/09\/2024<\/em><\/p>\t\t\t\t\t\t\t\t<\/div>\n\t\t\t\t<\/div>\n\t\t\t\t\t<\/div>\n\t\t\t\t<\/div>\n\t\t\t\t<\/div>\n\t\t","protected":false},"excerpt":{"rendered":"<p>Pol\u00edtica de privadesa Responsable del Tractament En compliment del Reglament (UE) 2016\/679 del Parlament Europeu i del Consell de 27 d&#8217;abril de 2016 (Reglament General de Protecci\u00f3 de Dades &#8211; RGPD) i la Llei Org\u00e0nica 3\/2018, de Protecci\u00f3 de Dades Personals i garantia dels drets digitals (LOPDGDD), us informem que el responsable del tractament B66393364, inscrita al Registre Mercantil de Barcelona, \u200b\u200bamb domicili social a Carrer Sant Josep 82, 08370 Calella, Barcelona. Podeu contactar-nos a lopd@hotelneptuno.com. Finalitats del Tractament Les dades personals que recaptem es tractaran per a les seg\u00fcents finalitats segons el context de recollida: Atenci\u00f3 al Client \/ Contacte: Per respondre a les vostres consultes, sol\u00b7licituds i prestar els serveis sol\u00b7licitats. Subscripci\u00f3 al Newsletter: Per gestionar l&#8217;enviament d&#8217;informaci\u00f3 comercial sobre els nostres productes i serveis a trav\u00e9s de correu ordinari, correu electr\u00f2nic, o SMS. Reserves: Per gestionar i processar les reserves realitzades. Estad\u00edstiques Internes: Les dades poden ser utilitzades per a l&#8217;elaboraci\u00f3 d&#8217;estad\u00edstiques internes que ens permetin millorar els nostres serveis. Prestaci\u00f3 de Serveis durant l&#8217;Estada: A les nostres instal\u00b7lacions, les dades s&#8217;utilitzaran per gestionar i prestar els serveis sol\u00b7licitats, com ara excursions, spa, wellness, entre d&#8217;altres. Termini de conservaci\u00f3 Les dades personals es conservaran mentre duri la relaci\u00f3 contractual. Un cop finalitzada, es bloquejaran i es conservaran \u00fanicament durant el termini legalment establert per atendre possibles reclamacions. Finalitzat aquest per\u00edode, se suprimiran definitivament. Les dades per a l&#8217;enviament d&#8217;informaci\u00f3 comercial es conservaran mentre no sol\u00b7liciteu la supressi\u00f3. Legitimaci\u00f3 del Tractament La base legal per al tractament de les vostres dades \u00e9s l&#8217;execuci\u00f3 d&#8217;un contracte i el compliment de les obligacions legals derivades dels serveis contractats. Per a les altres finalitats, el tractament es basa en el consentiment, que podr\u00e0 retirar en qualsevol moment sense afectar la licitud del tractament previ. Protecci\u00f3 de Menors Els menors de 14 anys no poden consentir el tractament de les dades; nom\u00e9s els seus pares o tutors poden fer-ho en nom seu. Mesures de Seguretat i Confidencialitat MALBA NEPTUNO, SL ha implementat mesures t\u00e8cniques i organitzatives adequades per protegir les vostres dades personals, de conformitat amb el RGPD, la LOPDGDD i la normativa aplicable en mat\u00e8ria de serveis de la societat de la informaci\u00f3 i telecomunicacions. Ens comprometem a mantenir la confidencialitat de les vostres dades fins i tot despr\u00e9s de finalitzar la relaci\u00f3 contractual. Cessi\u00f3 de Dades a Tercers Les vostres dades no se cediran a tercers excepte obligaci\u00f3 legal o quan sigui necessari per a la prestaci\u00f3 dels serveis contractats. En aplicaci\u00f3 de la normativa vigent, les dades dels hostes seran comunicades a les Forces i Cossos de Seguretat de l&#8217;Estat en fer el registre a l&#8217;hotel. Categories de Dades Tractades Les dades tractades inclouen dades identificatives (nom, cognoms, DNI\/passaport, tel\u00e8fon, adre\u00e7a, email) i dades financeres (targeta de cr\u00e8dit\/d\u00e8bit). Transfer\u00e8ncies Internacionals de Dades No es realitzaran transfer\u00e8ncies internacionals de les vostres dades. Consentiment i Actualitzaci\u00f3 de Dades Llevat que ens comuniqueu el contrari, considerarem que les vostres dades no han canviat i que consenteix el seu \u00fas per als fins esmentats. L&#8217;enviament de les vostres dades mitjan\u00e7ant els formularis de la nostra web implica l&#8217;acceptaci\u00f3 d&#8217;aquesta pol\u00edtica de privadesa, confirmada mitjan\u00e7ant el marcatge de la casella d&#8217;acceptaci\u00f3 pr\u00e8viament a l&#8217;enviament de les vostres dades. Drets de l&#8217;usuari Teniu dret a accedir, rectificar, suprimir, oposar-vos, limitar el tractament i sol\u00b7licitar la portabilitat de les vostres dades. Podeu exercir aquests drets enviant una sol\u00b7licitud a lopd@hotelneptuno.com. A la sol\u00b7licitud, s&#8217;han de proporcionar els detalls suficients per identificar-ne el cas, i nom\u00e9s en casos de dubte raonable sobre la seva identitat, podr\u00edem sol\u00b7licitar informaci\u00f3 addicional per verificar-la. A m\u00e9s, podeu adre\u00e7ar-vos al web de l&#8217;Ag\u00e8ncia Espanyola de Protecci\u00f3 de Dades (www.aepd.es) per obtenir formularis normalitzats que us ajudaran en l&#8217;exercici dels vostres drets. L&#8217;empresa respondr\u00e0 a la vostra sol\u00b7licitud en el termini legalment establert. Delegat de Protecci\u00f3 de Dades (DPD) En cas que vulgueu presentar una reclamaci\u00f3 relacionada amb el tractament de les vostres dades personals, podeu adre\u00e7ar-vos al Delegat de Protecci\u00f3 de Dades de MALBA NEPTUNO, SL enviant un correu electr\u00f2nic a dpd@hotelneptuno.com. El DPD est\u00e0 disponible per atendre qualsevol consulta, reclamaci\u00f3 o sol\u00b7licitud d&#8217;informaci\u00f3 addicional sobre el tractament de les vostres dades personals. Reclamacions davant de l&#8217;Autoritat de Control De la mateixa manera, si considereu que els vostres drets no han estat adequadament atesos o que s&#8217;ha produ\u00eft una infracci\u00f3 en el tractament de les vostres dades personals, teniu dret a presentar una reclamaci\u00f3 davant l&#8217;Ag\u00e8ncia Espanyola de Protecci\u00f3 de Dades (AEPD). Podeu obtenir m\u00e9s informaci\u00f3 sobre com fer-ho visitant el vostre lloc web oficial a www.aepd.es. Actualitzat a data 21\/09\/2024<\/p>\n","protected":false},"author":1,"featured_media":0,"parent":0,"menu_order":0,"comment_status":"closed","ping_status":"closed","template":"","meta":{"_acf_changed":false,"site-sidebar-layout":"no-sidebar","site-content-layout":"","ast-site-content-layout":"full-width-container","site-content-style":"default","site-sidebar-style":"default","ast-global-header-display":"","ast-banner-title-visibility":"","ast-main-header-display":"","ast-hfb-above-header-display":"","ast-hfb-below-header-display":"","ast-hfb-mobile-header-display":"","site-post-title":"disabled","ast-breadcrumbs-content":"","ast-featured-img":"disabled","footer-sml-layout":"","ast-disable-related-posts":"","theme-transparent-header-meta":"","adv-header-id-meta":"","stick-header-meta":"","header-above-stick-meta":"","header-main-stick-meta":"","header-below-stick-meta":"","astra-migrate-meta-layouts":"default","ast-page-background-enabled":"default","ast-page-background-meta":{"desktop":{"background-color":"var(--ast-global-color-4)","background-image":"","background-repeat":"repeat","background-position":"center center","background-size":"auto","background-attachment":"scroll","background-type":"","background-media":"","overlay-type":"","overlay-color":"","overlay-opacity":"","overlay-gradient":""},"tablet":{"background-color":"","background-image":"","background-repeat":"repeat","background-position":"center center","background-size":"auto","background-attachment":"scroll","background-type":"","background-media":"","overlay-type":"","overlay-color":"","overlay-opacity":"","overlay-gradient":""},"mobile":{"background-color":"","background-image":"","background-repeat":"repeat","background-position":"center center","background-size":"auto","background-attachment":"scroll","background-type":"","background-media":"","overlay-type":"","overlay-color":"","overlay-opacity":"","overlay-gradient":""}},"ast-content-background-meta":{"desktop":{"background-color":"var(--ast-global-color-5)","background-image":"","background-repeat":"repeat","background-position":"center center","background-size":"auto","background-attachment":"scroll","background-type":"","background-media":"","overlay-type":"","overlay-color":"","overlay-opacity":"","overlay-gradient":""},"tablet":{"background-color":"var(--ast-global-color-5)","background-image":"","background-repeat":"repeat","background-position":"center center","background-size":"auto","background-attachment":"scroll","background-type":"","background-media":"","overlay-type":"","overlay-color":"","overlay-opacity":"","overlay-gradient":""},"mobile":{"background-color":"var(--ast-global-color-5)","background-image":"","background-repeat":"repeat","background-position":"center center","background-size":"auto","background-attachment":"scroll","background-type":"","background-media":"","overlay-type":"","overlay-color":"","overlay-opacity":"","overlay-gradient":""}},"footnotes":""},"class_list":["post-12833","page","type-page","status-publish","hentry"],"acf":[],"yoast_head":"<!-- This site is optimized with the Yoast SEO plugin v27.5 - https:\/\/yoast.com\/product\/yoast-seo-wordpress\/ -->\n<title>Descobreix la Pol\u00edtica de Privadesa a la web de l&#039;hotel a Calella | Neptuno Hotel &amp; Spa<\/title>\n<meta name=\"description\" content=\"Descobreix com protegim la teva privadesa a Neptuno Hotel &amp; Spa a Calella. Reserva ara i gaudeix de la tranquil\u00b7litat amb nosaltres!\" \/>\n<meta name=\"robots\" content=\"index, follow, max-snippet:-1, max-image-preview:large, max-video-preview:-1\" \/>\n<link rel=\"canonical\" href=\"https:\/\/www.hotelneptuno.com\/ca\/politica-de-privacitat\/\" \/>\n<meta property=\"og:locale\" content=\"ca_ES\" \/>\n<meta property=\"og:type\" content=\"article\" \/>\n<meta property=\"og:title\" content=\"Descobreix la Pol\u00edtica de Privadesa a la web de l&#039;hotel a Calella | Neptuno Hotel &amp; Spa\" \/>\n<meta property=\"og:description\" content=\"Descobreix com protegim la teva privadesa a Neptuno Hotel &amp; Spa a Calella. Reserva ara i gaudeix de la tranquil\u00b7litat amb nosaltres!\" \/>\n<meta property=\"og:url\" content=\"https:\/\/www.hotelneptuno.com\/ca\/politica-de-privacitat\/\" \/>\n<meta property=\"og:site_name\" content=\"Neptuno Hotel &amp; Spa\" \/>\n<meta property=\"article:publisher\" content=\"https:\/\/www.facebook.com\/neptunohotelspacalella\/\" \/>\n<meta property=\"article:modified_time\" content=\"2025-12-17T17:25:00+00:00\" \/>\n<meta property=\"og:image\" content=\"https:\/\/www.hotelneptuno.com\/wp-content\/uploads\/2024\/06\/Lobby-hotel-121-1.jpg\" \/>\n\t<meta property=\"og:image:width\" content=\"1600\" \/>\n\t<meta property=\"og:image:height\" content=\"1067\" \/>\n\t<meta property=\"og:image:type\" content=\"image\/jpeg\" \/>\n<meta name=\"twitter:card\" content=\"summary_large_image\" \/>\n<meta name=\"twitter:label1\" content=\"Temps estimat de lectura\" \/>\n\t<meta name=\"twitter:data1\" content=\"5 minuts\" \/>\n<script type=\"application\/ld+json\" class=\"yoast-schema-graph\">{\"@context\":\"https:\\\/\\\/schema.org\",\"@graph\":[{\"@type\":\"WebPage\",\"@id\":\"https:\\\/\\\/www.hotelneptuno.com\\\/ca\\\/politica-de-privacitat\\\/\",\"url\":\"https:\\\/\\\/www.hotelneptuno.com\\\/ca\\\/politica-de-privacitat\\\/\",\"name\":\"Descobreix la Pol\u00edtica de Privadesa a la web de l'hotel a Calella | Neptuno Hotel &amp; Spa\",\"isPartOf\":{\"@id\":\"https:\\\/\\\/www.hotelneptuno.com\\\/ca\\\/#website\"},\"datePublished\":\"2024-03-11T10:25:43+00:00\",\"dateModified\":\"2025-12-17T17:25:00+00:00\",\"description\":\"Descobreix com protegim la teva privadesa a Neptuno Hotel & Spa a Calella. Reserva ara i gaudeix de la tranquil\u00b7litat amb nosaltres!\",\"breadcrumb\":{\"@id\":\"https:\\\/\\\/www.hotelneptuno.com\\\/ca\\\/politica-de-privacitat\\\/#breadcrumb\"},\"inLanguage\":\"ca\",\"potentialAction\":[{\"@type\":\"ReadAction\",\"target\":[\"https:\\\/\\\/www.hotelneptuno.com\\\/ca\\\/politica-de-privacitat\\\/\"]}]},{\"@type\":\"BreadcrumbList\",\"@id\":\"https:\\\/\\\/www.hotelneptuno.com\\\/ca\\\/politica-de-privacitat\\\/#breadcrumb\",\"itemListElement\":[{\"@type\":\"ListItem\",\"position\":1,\"name\":\"Portada\",\"item\":\"https:\\\/\\\/www.hotelneptuno.com\\\/ca\\\/\"},{\"@type\":\"ListItem\",\"position\":2,\"name\":\"Pol\u00edtica de Privadesa\"}]},{\"@type\":\"WebSite\",\"@id\":\"https:\\\/\\\/www.hotelneptuno.com\\\/ca\\\/#website\",\"url\":\"https:\\\/\\\/www.hotelneptuno.com\\\/ca\\\/\",\"name\":\"Hotel Neptuno & Spa\",\"description\":\"Hotel Neptuno Calella Barcelona\",\"publisher\":{\"@id\":\"https:\\\/\\\/www.hotelneptuno.com\\\/ca\\\/#organization\"},\"alternateName\":\"Hotel Neptuno 4*\",\"potentialAction\":[{\"@type\":\"SearchAction\",\"target\":{\"@type\":\"EntryPoint\",\"urlTemplate\":\"https:\\\/\\\/www.hotelneptuno.com\\\/ca\\\/?s={search_term_string}\"},\"query-input\":{\"@type\":\"PropertyValueSpecification\",\"valueRequired\":true,\"valueName\":\"search_term_string\"}}],\"inLanguage\":\"ca\"},{\"@type\":\"Organization\",\"@id\":\"https:\\\/\\\/www.hotelneptuno.com\\\/ca\\\/#organization\",\"name\":\"Neptuno Hotel & Spa\",\"alternateName\":\"Neptuno Hotel & Spa\",\"url\":\"https:\\\/\\\/www.hotelneptuno.com\\\/ca\\\/\",\"logo\":{\"@type\":\"ImageObject\",\"inLanguage\":\"ca\",\"@id\":\"https:\\\/\\\/www.hotelneptuno.com\\\/ca\\\/#\\\/schema\\\/logo\\\/image\\\/\",\"url\":\"https:\\\/\\\/www.hotelneptuno.com\\\/wp-content\\\/uploads\\\/2024\\\/03\\\/logo.svg\",\"contentUrl\":\"https:\\\/\\\/www.hotelneptuno.com\\\/wp-content\\\/uploads\\\/2024\\\/03\\\/logo.svg\",\"width\":310,\"height\":128,\"caption\":\"Neptuno Hotel & Spa\"},\"image\":{\"@id\":\"https:\\\/\\\/www.hotelneptuno.com\\\/ca\\\/#\\\/schema\\\/logo\\\/image\\\/\"},\"sameAs\":[\"https:\\\/\\\/www.facebook.com\\\/neptunohotelspacalella\\\/\",\"https:\\\/\\\/www.instagram.com\\\/neptunohotelspacalella\\\/\"]}]}<\/script>\n<!-- \/ Yoast SEO plugin. -->","yoast_head_json":{"title":"Descobreix la Pol\u00edtica de Privadesa a la web de l'hotel a Calella | Neptuno Hotel &amp; Spa","description":"Descobreix com protegim la teva privadesa a Neptuno Hotel & Spa a Calella. Reserva ara i gaudeix de la tranquil\u00b7litat amb nosaltres!","robots":{"index":"index","follow":"follow","max-snippet":"max-snippet:-1","max-image-preview":"max-image-preview:large","max-video-preview":"max-video-preview:-1"},"canonical":"https:\/\/www.hotelneptuno.com\/ca\/politica-de-privacitat\/","og_locale":"ca_ES","og_type":"article","og_title":"Descobreix la Pol\u00edtica de Privadesa a la web de l'hotel a Calella | Neptuno Hotel &amp; Spa","og_description":"Descobreix com protegim la teva privadesa a Neptuno Hotel & Spa a Calella. Reserva ara i gaudeix de la tranquil\u00b7litat amb nosaltres!","og_url":"https:\/\/www.hotelneptuno.com\/ca\/politica-de-privacitat\/","og_site_name":"Neptuno Hotel &amp; Spa","article_publisher":"https:\/\/www.facebook.com\/neptunohotelspacalella\/","article_modified_time":"2025-12-17T17:25:00+00:00","og_image":[{"width":1600,"height":1067,"url":"https:\/\/www.hotelneptuno.com\/wp-content\/uploads\/2024\/06\/Lobby-hotel-121-1.jpg","type":"image\/jpeg"}],"twitter_card":"summary_large_image","twitter_misc":{"Temps estimat de lectura":"5 minuts"},"schema":{"@context":"https:\/\/schema.org","@graph":[{"@type":"WebPage","@id":"https:\/\/www.hotelneptuno.com\/ca\/politica-de-privacitat\/","url":"https:\/\/www.hotelneptuno.com\/ca\/politica-de-privacitat\/","name":"Descobreix la Pol\u00edtica de Privadesa a la web de l'hotel a Calella | Neptuno Hotel &amp; Spa","isPartOf":{"@id":"https:\/\/www.hotelneptuno.com\/ca\/#website"},"datePublished":"2024-03-11T10:25:43+00:00","dateModified":"2025-12-17T17:25:00+00:00","description":"Descobreix com protegim la teva privadesa a Neptuno Hotel & Spa a Calella. Reserva ara i gaudeix de la tranquil\u00b7litat amb nosaltres!","breadcrumb":{"@id":"https:\/\/www.hotelneptuno.com\/ca\/politica-de-privacitat\/#breadcrumb"},"inLanguage":"ca","potentialAction":[{"@type":"ReadAction","target":["https:\/\/www.hotelneptuno.com\/ca\/politica-de-privacitat\/"]}]},{"@type":"BreadcrumbList","@id":"https:\/\/www.hotelneptuno.com\/ca\/politica-de-privacitat\/#breadcrumb","itemListElement":[{"@type":"ListItem","position":1,"name":"Portada","item":"https:\/\/www.hotelneptuno.com\/ca\/"},{"@type":"ListItem","position":2,"name":"Pol\u00edtica de Privadesa"}]},{"@type":"WebSite","@id":"https:\/\/www.hotelneptuno.com\/ca\/#website","url":"https:\/\/www.hotelneptuno.com\/ca\/","name":"Hotel Neptuno & Spa","description":"Hotel Neptuno Calella Barcelona","publisher":{"@id":"https:\/\/www.hotelneptuno.com\/ca\/#organization"},"alternateName":"Hotel Neptuno 4*","potentialAction":[{"@type":"SearchAction","target":{"@type":"EntryPoint","urlTemplate":"https:\/\/www.hotelneptuno.com\/ca\/?s={search_term_string}"},"query-input":{"@type":"PropertyValueSpecification","valueRequired":true,"valueName":"search_term_string"}}],"inLanguage":"ca"},{"@type":"Organization","@id":"https:\/\/www.hotelneptuno.com\/ca\/#organization","name":"Neptuno Hotel & Spa","alternateName":"Neptuno Hotel & Spa","url":"https:\/\/www.hotelneptuno.com\/ca\/","logo":{"@type":"ImageObject","inLanguage":"ca","@id":"https:\/\/www.hotelneptuno.com\/ca\/#\/schema\/logo\/image\/","url":"https:\/\/www.hotelneptuno.com\/wp-content\/uploads\/2024\/03\/logo.svg","contentUrl":"https:\/\/www.hotelneptuno.com\/wp-content\/uploads\/2024\/03\/logo.svg","width":310,"height":128,"caption":"Neptuno Hotel & Spa"},"image":{"@id":"https:\/\/www.hotelneptuno.com\/ca\/#\/schema\/logo\/image\/"},"sameAs":["https:\/\/www.facebook.com\/neptunohotelspacalella\/","https:\/\/www.instagram.com\/neptunohotelspacalella\/"]}]}},"_links":{"self":[{"href":"https:\/\/www.hotelneptuno.com\/ca\/wp-json\/wp\/v2\/pages\/12833","targetHints":{"allow":["GET"]}}],"collection":[{"href":"https:\/\/www.hotelneptuno.com\/ca\/wp-json\/wp\/v2\/pages"}],"about":[{"href":"https:\/\/www.hotelneptuno.com\/ca\/wp-json\/wp\/v2\/types\/page"}],"author":[{"embeddable":true,"href":"https:\/\/www.hotelneptuno.com\/ca\/wp-json\/wp\/v2\/users\/1"}],"replies":[{"embeddable":true,"href":"https:\/\/www.hotelneptuno.com\/ca\/wp-json\/wp\/v2\/comments?post=12833"}],"version-history":[{"count":0,"href":"https:\/\/www.hotelneptuno.com\/ca\/wp-json\/wp\/v2\/pages\/12833\/revisions"}],"wp:attachment":[{"href":"https:\/\/www.hotelneptuno.com\/ca\/wp-json\/wp\/v2\/media?parent=12833"}],"curies":[{"name":"wp","href":"https:\/\/api.w.org\/{rel}","templated":true}]}}